{"id":934,"date":"2020-03-27T13:03:51","date_gmt":"2020-03-27T12:03:51","guid":{"rendered":"http:\/\/deplasse.mds-preview.ovh\/?page_id=934"},"modified":"2020-06-19T09:18:03","modified_gmt":"2020-06-19T08:18:03","slug":"mentions-legales","status":"publish","type":"page","link":"https:\/\/www.deplasse.com\/en\/mentions-legales\/","title":{"rendered":"Legal Notice"},"content":{"rendered":"<h1 class=\"title has-text-centered\">Legal Notice<\/h1>\n\n\n\n<p>OFFICE OF EXPERTS Ph. DEPLASSE AND ASSOCIES<\/p>\n\n\n\n<p>Head office: Chauss\u00e9e de La Hulpe 181 \/ 1, 1170 Watermael-Boitsfort <\/p>\n\n\n\n<p>Phone number:   <a href=\"tel:+3227366323\">+32 2 736 63 23<\/a> <\/p>\n\n\n\n<p>Contact email: info@deplasse.com <\/p>\n\n\n\n<p>VAT number: BE0455.098.957 <\/p>\n\n\n\n<p>ECB number: 0455.098.957<\/p>\n\n\n\n<p>Accessibility address: <a href=\"https:\/\/www.deplasse.com\/en\/\" class=\"ek-link\">www.deplasse.com<\/a><\/p>\n\n\n\n<p>The competent court in the event of a dispute is that of Brussels and the applicable legislation is Belgian law.<\/p>\n\n\n\n<p>The elements present on this website are the intellectual property of the publisher of the site. Under no circumstances can they be taken back, completely or partially, without authorisation.<\/p>\n\n\n\n<p>The publisher of the site is not responsible in the event of impossibility of accessibility to the website (maintenance or computer problem), information available, hypertext links (leading to external sites), comments from Internet users.<\/p>","protected":false},"excerpt":{"rendered":"<p>Legal notice OFFICE OF EXPERTS Ph. DEPLASSE ET ASSOCIES Head office: Chauss\u00e9e de La Hulpe 181 \/ 1, 1170 Watermael-Boitsfort Telephone number: +32 2 736 63 23 Contact email: info@deplasse.com VAT number : BE0455.098.957 BCE number: 0455.098.957 Accessibility address: www.deplasse.com The competent court in the event of a dispute is [\u2026]<\/p>","protected":false},"author":1,"featured_media":0,"parent":0,"menu_order":0,"comment_status":"closed","ping_status":"closed","template":"","meta":{"_acf_changed":false,"_editorskit_title_hidden":false,"_editorskit_reading_time":1,"_editorskit_is_block_options_detached":false,"_editorskit_block_options_position":"{}","footnotes":""},"class_list":["post-934","page","type-page","status-publish","hentry"],"acf":[],"yoast_head":"<!-- This site is optimized with the Yoast SEO plugin v27.5 - https:\/\/yoast.com\/product\/yoast-seo-wordpress\/ -->\n<title>Mentions l\u00e9gales - Deplasse &amp; Associ\u00e9s<\/title>\n<meta name=\"robots\" content=\"index, follow, max-snippet:-1, max-image-preview:large, max-video-preview:-1\" \/>\n<link rel=\"canonical\" href=\"https:\/\/www.deplasse.com\/en\/mentions-legales\/\" \/>\n<meta property=\"og:locale\" content=\"en_US\" \/>\n<meta property=\"og:type\" content=\"article\" \/>\n<meta property=\"og:title\" content=\"Mentions l\u00e9gales - Deplasse &amp; Associ\u00e9s\" \/>\n<meta property=\"og:description\" content=\"Mentions l\u00e9gales BUREAU D&rsquo;EXPERTS Ph. DEPLASSE ET ASSOCIES Si\u00e8ge social : Chauss\u00e9e de La Hulpe 181 \/ 1, 1170 Watermael-Boitsfort Num\u00e9ro de t\u00e9l\u00e9phone : +32 2 736 63 23 E-mail de contact : info@deplasse.com Num\u00e9ro de TVA : BE0455.098.957 Num\u00e9ro BCE : 0455.098.957 Adresse d\u2019accessibilit\u00e9 : www.deplasse.com Le tribunal comp\u00e9tent en cas de litige est [&hellip;]\" \/>\n<meta property=\"og:url\" content=\"https:\/\/www.deplasse.com\/en\/mentions-legales\/\" \/>\n<meta property=\"og:site_name\" content=\"Deplasse &amp; Associ\u00e9s\" \/>\n<meta property=\"article:modified_time\" content=\"2020-06-19T08:18:03+00:00\" \/>\n<meta name=\"twitter:card\" content=\"summary_large_image\" \/>\n<meta name=\"twitter:label1\" content=\"Est. reading time\" \/>\n\t<meta name=\"twitter:data1\" content=\"1 minute\" \/>\n<script type=\"application\/ld+json\" class=\"yoast-schema-graph\">{\"@context\":\"https:\\\/\\\/schema.org\",\"@graph\":[{\"@type\":\"WebPage\",\"@id\":\"https:\\\/\\\/www.deplasse.com\\\/mentions-legales\\\/\",\"url\":\"https:\\\/\\\/www.deplasse.com\\\/mentions-legales\\\/\",\"name\":\"Mentions l\u00e9gales - Deplasse &amp; Associ\u00e9s\",\"isPartOf\":{\"@id\":\"https:\\\/\\\/www.deplasse.com\\\/#website\"},\"datePublished\":\"2020-03-27T12:03:51+00:00\",\"dateModified\":\"2020-06-19T08:18:03+00:00\",\"breadcrumb\":{\"@id\":\"https:\\\/\\\/www.deplasse.com\\\/mentions-legales\\\/#breadcrumb\"},\"inLanguage\":\"en-US\",\"potentialAction\":[{\"@type\":\"ReadAction\",\"target\":[\"https:\\\/\\\/www.deplasse.com\\\/mentions-legales\\\/\"]}]},{\"@type\":\"BreadcrumbList\",\"@id\":\"https:\\\/\\\/www.deplasse.com\\\/mentions-legales\\\/#breadcrumb\",\"itemListElement\":[{\"@type\":\"ListItem\",\"position\":1,\"name\":\"Home\",\"item\":\"https:\\\/\\\/www.deplasse.com\\\/\"},{\"@type\":\"ListItem\",\"position\":2,\"name\":\"Mentions l\u00e9gales\"}]},{\"@type\":\"WebSite\",\"@id\":\"https:\\\/\\\/www.deplasse.com\\\/#website\",\"url\":\"https:\\\/\\\/www.deplasse.com\\\/\",\"name\":\"Deplasse &amp; Associ\u00e9s\",\"description\":\"Bureau d&#039;experts\",\"publisher\":{\"@id\":\"https:\\\/\\\/www.deplasse.com\\\/#organization\"},\"potentialAction\":[{\"@type\":\"SearchAction\",\"target\":{\"@type\":\"EntryPoint\",\"urlTemplate\":\"https:\\\/\\\/www.deplasse.com\\\/?s={search_term_string}\"},\"query-input\":{\"@type\":\"PropertyValueSpecification\",\"valueRequired\":true,\"valueName\":\"search_term_string\"}}],\"inLanguage\":\"en-US\"},{\"@type\":\"Organization\",\"@id\":\"https:\\\/\\\/www.deplasse.com\\\/#organization\",\"name\":\"Deplasse & Associ\u00e9s\",\"url\":\"https:\\\/\\\/www.deplasse.com\\\/\",\"logo\":{\"@type\":\"ImageObject\",\"inLanguage\":\"en-US\",\"@id\":\"https:\\\/\\\/www.deplasse.com\\\/#\\\/schema\\\/logo\\\/image\\\/\",\"url\":\"https:\\\/\\\/www.deplasse.com\\\/wp-content\\\/uploads\\\/2020\\\/03\\\/logo_be.jpg\",\"contentUrl\":\"https:\\\/\\\/www.deplasse.com\\\/wp-content\\\/uploads\\\/2020\\\/03\\\/logo_be.jpg\",\"width\":274,\"height\":167,\"caption\":\"Deplasse & Associ\u00e9s\"},\"image\":{\"@id\":\"https:\\\/\\\/www.deplasse.com\\\/#\\\/schema\\\/logo\\\/image\\\/\"}}]}<\/script>\n<!-- \/ Yoast SEO plugin. -->","yoast_head_json":{"title":"Legal notice - Deplasse &amp; Associates","robots":{"index":"index","follow":"follow","max-snippet":"max-snippet:-1","max-image-preview":"max-image-preview:large","max-video-preview":"max-video-preview:-1"},"canonical":"https:\/\/www.deplasse.com\/en\/mentions-legales\/","og_locale":"en_US","og_type":"article","og_title":"Mentions l\u00e9gales - Deplasse &amp; Associ\u00e9s","og_description":"Mentions l\u00e9gales BUREAU D&rsquo;EXPERTS Ph. DEPLASSE ET ASSOCIES Si\u00e8ge social : Chauss\u00e9e de La Hulpe 181 \/ 1, 1170 Watermael-Boitsfort Num\u00e9ro de t\u00e9l\u00e9phone : +32 2 736 63 23 E-mail de contact : info@deplasse.com Num\u00e9ro de TVA : BE0455.098.957 Num\u00e9ro BCE : 0455.098.957 Adresse d\u2019accessibilit\u00e9 : www.deplasse.com Le tribunal comp\u00e9tent en cas de litige est [&hellip;]","og_url":"https:\/\/www.deplasse.com\/en\/mentions-legales\/","og_site_name":"Deplasse &amp; Associ\u00e9s","article_modified_time":"2020-06-19T08:18:03+00:00","twitter_card":"summary_large_image","twitter_misc":{"Est. reading time":"1 minute"},"schema":{"@context":"https:\/\/schema.org","@graph":[{"@type":"WebPage","@id":"https:\/\/www.deplasse.com\/mentions-legales\/","url":"https:\/\/www.deplasse.com\/mentions-legales\/","name":"Legal notice - Deplasse &amp; Associates","isPartOf":{"@id":"https:\/\/www.deplasse.com\/#website"},"datePublished":"2020-03-27T12:03:51+00:00","dateModified":"2020-06-19T08:18:03+00:00","breadcrumb":{"@id":"https:\/\/www.deplasse.com\/mentions-legales\/#breadcrumb"},"inLanguage":"en-US","potentialAction":[{"@type":"ReadAction","target":["https:\/\/www.deplasse.com\/mentions-legales\/"]}]},{"@type":"BreadcrumbList","@id":"https:\/\/www.deplasse.com\/mentions-legales\/#breadcrumb","itemListElement":[{"@type":"ListItem","position":1,"name":"Home","item":"https:\/\/www.deplasse.com\/"},{"@type":"ListItem","position":2,"name":"Mentions l\u00e9gales"}]},{"@type":"WebSite","@id":"https:\/\/www.deplasse.com\/#website","url":"https:\/\/www.deplasse.com\/","name":"Deplasse &amp; Associates","description":"Office of experts","publisher":{"@id":"https:\/\/www.deplasse.com\/#organization"},"potentialAction":[{"@type":"SearchAction","target":{"@type":"EntryPoint","urlTemplate":"https:\/\/www.deplasse.com\/?s={search_term_string}"},"query-input":{"@type":"PropertyValueSpecification","valueRequired":true,"valueName":"search_term_string"}}],"inLanguage":"en-US"},{"@type":"Organization","@id":"https:\/\/www.deplasse.com\/#organization","name":"Deplasse &amp; Associates","url":"https:\/\/www.deplasse.com\/","logo":{"@type":"ImageObject","inLanguage":"en-US","@id":"https:\/\/www.deplasse.com\/#\/schema\/logo\/image\/","url":"https:\/\/www.deplasse.com\/wp-content\/uploads\/2020\/03\/logo_be.jpg","contentUrl":"https:\/\/www.deplasse.com\/wp-content\/uploads\/2020\/03\/logo_be.jpg","width":274,"height":167,"caption":"Deplasse & Associ\u00e9s"},"image":{"@id":"https:\/\/www.deplasse.com\/#\/schema\/logo\/image\/"}}]}},"wps_subtitle":"","_links":{"self":[{"href":"https:\/\/www.deplasse.com\/en\/wp-json\/wp\/v2\/pages\/934","targetHints":{"allow":["GET"]}}],"collection":[{"href":"https:\/\/www.deplasse.com\/en\/wp-json\/wp\/v2\/pages"}],"about":[{"href":"https:\/\/www.deplasse.com\/en\/wp-json\/wp\/v2\/types\/page"}],"author":[{"embeddable":true,"href":"https:\/\/www.deplasse.com\/en\/wp-json\/wp\/v2\/users\/1"}],"replies":[{"embeddable":true,"href":"https:\/\/www.deplasse.com\/en\/wp-json\/wp\/v2\/comments?post=934"}],"version-history":[{"count":7,"href":"https:\/\/www.deplasse.com\/en\/wp-json\/wp\/v2\/pages\/934\/revisions"}],"predecessor-version":[{"id":1092,"href":"https:\/\/www.deplasse.com\/en\/wp-json\/wp\/v2\/pages\/934\/revisions\/1092"}],"wp:attachment":[{"href":"https:\/\/www.deplasse.com\/en\/wp-json\/wp\/v2\/media?parent=934"}],"curies":[{"name":"wp","href":"https:\/\/api.w.org\/{rel}","templated":true}]}}