{"id":208,"date":"2019-12-17T13:47:25","date_gmt":"2019-12-17T12:47:25","guid":{"rendered":"http:\/\/deplasse.mds-preview.ovh\/?page_id=208"},"modified":"2020-04-21T18:34:29","modified_gmt":"2020-04-21T17:34:29","slug":"centres-commerciaux","status":"publish","type":"page","link":"https:\/\/www.deplasse.com\/nl\/services\/centres-commerciaux\/","title":{"rendered":"Winkelcentra"},"content":{"rendered":"<p>Commercieel vastgoed is een bijzondere sector die vraagt om een gespecialiseerde adviseur. Hij moet zich bewust zijn van de gevolgen van zijn technische voorstellen voor de economische activiteit van het winkelcentrum. Onze ervaring dekt de <strong>onderhoudscontrole, technische monitoring, energiemeting, assistentie bij projectbeheer.<\/strong>  Wij begeleiden een <strong>jaren dertig<\/strong> van winkelcentra. Dit stelt ons in staat om antwoorden te bieden die zijn aangepast aan de behoeften van onze klanten, eigenaars en beheerders van deze centra. Winkelen gaat over het komen en gaan van huurders. Het is ook commerci\u00eble animatie, een bijzondere opvatting van verlichting voor de &quot;enscenering&quot; en de winkelervaring. <\/p>\n\n\n\n<p>Het is een echte dagelijkse uitdaging om <strong>aanvaardbare laadniveaus behouden <\/strong>en <strong>een hoog serviceniveau<\/strong>. Wij zijn uw partner voor <strong>optimaliseer de kosten gerelateerd aan de onderhoudskosten, de energiekosten<\/strong>. Wij helpen u behouden <strong>een langetermijnvisie op uw vermogen<\/strong> en zijn capex.<\/p>","protected":false},"excerpt":{"rendered":"<p>Commercieel vastgoed is een bijzondere sector waar een gespecialiseerde adviseur nodig is. Hij moet zich bewust zijn van de gevolgen van zijn technische voorstellen voor de economische activiteit van het winkelcentrum. Onze ervaring omvat onderhoudscontrole, technische monitoring, energiemeting en assistentie bij projectmanagement. Wij ondersteunen een dertigtal winkelcentra. Hierdoor kunnen wij u aanbieden [\u2026]<\/p>","protected":false},"author":1,"featured_media":0,"parent":76,"menu_order":0,"comment_status":"closed","ping_status":"closed","template":"one-service.php","meta":{"_acf_changed":false,"_editorskit_title_hidden":false,"_editorskit_reading_time":1,"_editorskit_is_block_options_detached":false,"_editorskit_block_options_position":"{}","footnotes":""},"class_list":["post-208","page","type-page","status-publish","hentry"],"acf":[],"yoast_head":"<!-- This site is optimized with the Yoast SEO plugin v27.6 - https:\/\/yoast.com\/product\/yoast-seo-wordpress\/ -->\n<title>Centres commerciaux - Deplasse &amp; Associ\u00e9s<\/title>\n<meta name=\"robots\" content=\"index, follow, max-snippet:-1, max-image-preview:large, max-video-preview:-1\" \/>\n<link rel=\"canonical\" href=\"https:\/\/www.deplasse.com\/nl\/services\/centres-commerciaux\/\" \/>\n<meta property=\"og:locale\" content=\"nl_BE\" \/>\n<meta property=\"og:type\" content=\"article\" \/>\n<meta property=\"og:title\" content=\"Centres commerciaux - Deplasse &amp; Associ\u00e9s\" \/>\n<meta property=\"og:description\" content=\"L&rsquo;immobilier commercial est un secteur particulier qui n\u00e9cessite un consultant sp\u00e9cialis\u00e9. Il doit \u00eatre conscient des implications de ses propositions techniques sur l&rsquo;activit\u00e9 \u00e9conomique du centre commercial. Notre exp\u00e9rience couvre le contr\u00f4le de maintenance, de suivi technique, de comptage \u00e9nerg\u00e9tique, d&rsquo;assistance \u00e0 ma\u00eetrise d&rsquo;ouvrage. Nous accompagnons une trentaine de centres commerciaux. Ceci nous permet d&rsquo;offrir [&hellip;]\" \/>\n<meta property=\"og:url\" content=\"https:\/\/www.deplasse.com\/nl\/services\/centres-commerciaux\/\" \/>\n<meta property=\"og:site_name\" content=\"Deplasse &amp; Associ\u00e9s\" \/>\n<meta property=\"article:modified_time\" content=\"2020-04-21T17:34:29+00:00\" \/>\n<meta name=\"twitter:card\" content=\"summary_large_image\" \/>\n<meta name=\"twitter:label1\" content=\"Geschatte leestijd\" \/>\n\t<meta name=\"twitter:data1\" content=\"1 minuut\" \/>\n<script type=\"application\/ld+json\" class=\"yoast-schema-graph\">{\"@context\":\"https:\\\/\\\/schema.org\",\"@graph\":[{\"@type\":\"WebPage\",\"@id\":\"https:\\\/\\\/www.deplasse.com\\\/services\\\/centres-commerciaux\\\/\",\"url\":\"https:\\\/\\\/www.deplasse.com\\\/services\\\/centres-commerciaux\\\/\",\"name\":\"Centres commerciaux - Deplasse &amp; Associ\u00e9s\",\"isPartOf\":{\"@id\":\"https:\\\/\\\/www.deplasse.com\\\/#website\"},\"datePublished\":\"2019-12-17T12:47:25+00:00\",\"dateModified\":\"2020-04-21T17:34:29+00:00\",\"breadcrumb\":{\"@id\":\"https:\\\/\\\/www.deplasse.com\\\/services\\\/centres-commerciaux\\\/#breadcrumb\"},\"inLanguage\":\"nl-BE\",\"potentialAction\":[{\"@type\":\"ReadAction\",\"target\":[\"https:\\\/\\\/www.deplasse.com\\\/services\\\/centres-commerciaux\\\/\"]}]},{\"@type\":\"BreadcrumbList\",\"@id\":\"https:\\\/\\\/www.deplasse.com\\\/services\\\/centres-commerciaux\\\/#breadcrumb\",\"itemListElement\":[{\"@type\":\"ListItem\",\"position\":1,\"name\":\"Home\",\"item\":\"https:\\\/\\\/www.deplasse.com\\\/\"},{\"@type\":\"ListItem\",\"position\":2,\"name\":\"Services\",\"item\":\"https:\\\/\\\/www.deplasse.com\\\/services\\\/\"},{\"@type\":\"ListItem\",\"position\":3,\"name\":\"Centres commerciaux\"}]},{\"@type\":\"WebSite\",\"@id\":\"https:\\\/\\\/www.deplasse.com\\\/#website\",\"url\":\"https:\\\/\\\/www.deplasse.com\\\/\",\"name\":\"Deplasse &amp; Associ\u00e9s\",\"description\":\"Bureau d&#039;experts\",\"publisher\":{\"@id\":\"https:\\\/\\\/www.deplasse.com\\\/#organization\"},\"potentialAction\":[{\"@type\":\"SearchAction\",\"target\":{\"@type\":\"EntryPoint\",\"urlTemplate\":\"https:\\\/\\\/www.deplasse.com\\\/?s={search_term_string}\"},\"query-input\":{\"@type\":\"PropertyValueSpecification\",\"valueRequired\":true,\"valueName\":\"search_term_string\"}}],\"inLanguage\":\"nl-BE\"},{\"@type\":\"Organization\",\"@id\":\"https:\\\/\\\/www.deplasse.com\\\/#organization\",\"name\":\"Deplasse & Associ\u00e9s\",\"url\":\"https:\\\/\\\/www.deplasse.com\\\/\",\"logo\":{\"@type\":\"ImageObject\",\"inLanguage\":\"nl-BE\",\"@id\":\"https:\\\/\\\/www.deplasse.com\\\/#\\\/schema\\\/logo\\\/image\\\/\",\"url\":\"https:\\\/\\\/www.deplasse.com\\\/wp-content\\\/uploads\\\/2020\\\/03\\\/logo_be.jpg\",\"contentUrl\":\"https:\\\/\\\/www.deplasse.com\\\/wp-content\\\/uploads\\\/2020\\\/03\\\/logo_be.jpg\",\"width\":274,\"height\":167,\"caption\":\"Deplasse & Associ\u00e9s\"},\"image\":{\"@id\":\"https:\\\/\\\/www.deplasse.com\\\/#\\\/schema\\\/logo\\\/image\\\/\"}}]}<\/script>\n<!-- \/ Yoast SEO plugin. -->","yoast_head_json":{"title":"Centres commerciaux - Deplasse &amp; Associ\u00e9s","robots":{"index":"index","follow":"follow","max-snippet":"max-snippet:-1","max-image-preview":"max-image-preview:large","max-video-preview":"max-video-preview:-1"},"canonical":"https:\/\/www.deplasse.com\/nl\/services\/centres-commerciaux\/","og_locale":"nl_BE","og_type":"article","og_title":"Centres commerciaux - Deplasse &amp; Associ\u00e9s","og_description":"L&rsquo;immobilier commercial est un secteur particulier qui n\u00e9cessite un consultant sp\u00e9cialis\u00e9. Il doit \u00eatre conscient des implications de ses propositions techniques sur l&rsquo;activit\u00e9 \u00e9conomique du centre commercial. Notre exp\u00e9rience couvre le contr\u00f4le de maintenance, de suivi technique, de comptage \u00e9nerg\u00e9tique, d&rsquo;assistance \u00e0 ma\u00eetrise d&rsquo;ouvrage. Nous accompagnons une trentaine de centres commerciaux. Ceci nous permet d&rsquo;offrir [&hellip;]","og_url":"https:\/\/www.deplasse.com\/nl\/services\/centres-commerciaux\/","og_site_name":"Deplasse &amp; Associ\u00e9s","article_modified_time":"2020-04-21T17:34:29+00:00","twitter_card":"summary_large_image","twitter_misc":{"Geschatte leestijd":"1 minuut"},"schema":{"@context":"https:\/\/schema.org","@graph":[{"@type":"WebPage","@id":"https:\/\/www.deplasse.com\/services\/centres-commerciaux\/","url":"https:\/\/www.deplasse.com\/services\/centres-commerciaux\/","name":"Centres commerciaux - Deplasse &amp; Associ\u00e9s","isPartOf":{"@id":"https:\/\/www.deplasse.com\/#website"},"datePublished":"2019-12-17T12:47:25+00:00","dateModified":"2020-04-21T17:34:29+00:00","breadcrumb":{"@id":"https:\/\/www.deplasse.com\/services\/centres-commerciaux\/#breadcrumb"},"inLanguage":"nl-BE","potentialAction":[{"@type":"ReadAction","target":["https:\/\/www.deplasse.com\/services\/centres-commerciaux\/"]}]},{"@type":"BreadcrumbList","@id":"https:\/\/www.deplasse.com\/services\/centres-commerciaux\/#breadcrumb","itemListElement":[{"@type":"ListItem","position":1,"name":"Home","item":"https:\/\/www.deplasse.com\/"},{"@type":"ListItem","position":2,"name":"Services","item":"https:\/\/www.deplasse.com\/services\/"},{"@type":"ListItem","position":3,"name":"Centres commerciaux"}]},{"@type":"WebSite","@id":"https:\/\/www.deplasse.com\/#website","url":"https:\/\/www.deplasse.com\/","name":"Deplasse &amp; Associates","description":"Bureau van deskundigen","publisher":{"@id":"https:\/\/www.deplasse.com\/#organization"},"potentialAction":[{"@type":"SearchAction","target":{"@type":"EntryPoint","urlTemplate":"https:\/\/www.deplasse.com\/?s={search_term_string}"},"query-input":{"@type":"PropertyValueSpecification","valueRequired":true,"valueName":"search_term_string"}}],"inLanguage":"nl-BE"},{"@type":"Organization","@id":"https:\/\/www.deplasse.com\/#organization","name":"Deplasse &amp; Associates","url":"https:\/\/www.deplasse.com\/","logo":{"@type":"ImageObject","inLanguage":"nl-BE","@id":"https:\/\/www.deplasse.com\/#\/schema\/logo\/image\/","url":"https:\/\/www.deplasse.com\/wp-content\/uploads\/2020\/03\/logo_be.jpg","contentUrl":"https:\/\/www.deplasse.com\/wp-content\/uploads\/2020\/03\/logo_be.jpg","width":274,"height":167,"caption":"Deplasse & Associ\u00e9s"},"image":{"@id":"https:\/\/www.deplasse.com\/#\/schema\/logo\/image\/"}}]}},"wps_subtitle":"","_links":{"self":[{"href":"https:\/\/www.deplasse.com\/nl\/wp-json\/wp\/v2\/pages\/208","targetHints":{"allow":["GET"]}}],"collection":[{"href":"https:\/\/www.deplasse.com\/nl\/wp-json\/wp\/v2\/pages"}],"about":[{"href":"https:\/\/www.deplasse.com\/nl\/wp-json\/wp\/v2\/types\/page"}],"author":[{"embeddable":true,"href":"https:\/\/www.deplasse.com\/nl\/wp-json\/wp\/v2\/users\/1"}],"replies":[{"embeddable":true,"href":"https:\/\/www.deplasse.com\/nl\/wp-json\/wp\/v2\/comments?post=208"}],"version-history":[{"count":21,"href":"https:\/\/www.deplasse.com\/nl\/wp-json\/wp\/v2\/pages\/208\/revisions"}],"predecessor-version":[{"id":958,"href":"https:\/\/www.deplasse.com\/nl\/wp-json\/wp\/v2\/pages\/208\/revisions\/958"}],"up":[{"embeddable":true,"href":"https:\/\/www.deplasse.com\/nl\/wp-json\/wp\/v2\/pages\/76"}],"wp:attachment":[{"href":"https:\/\/www.deplasse.com\/nl\/wp-json\/wp\/v2\/media?parent=208"}],"curies":[{"name":"wp","href":"https:\/\/api.w.org\/{rel}","templated":true}]}}