{"id":244,"date":"2019-12-19T09:56:02","date_gmt":"2019-12-19T08:56:02","guid":{"rendered":"http:\/\/deplasse.mds-preview.ovh\/?page_id=244"},"modified":"2020-03-24T17:01:38","modified_gmt":"2020-03-24T16:01:38","slug":"enseignement-et-universite","status":"publish","type":"page","link":"https:\/\/www.deplasse.com\/nl\/services\/enseignement-et-universite\/","title":{"rendered":"Opleiding"},"content":{"rendered":"<p>Schoolgebouwen presteren zelden goed als het gaat om energie-effici\u00ebntie. Het is logisch dat besluitvormers in de sector hun investeringen concentreren op hun hoofdberoep, namelijk onderwijs. <\/p>\n\n\n\n<p><strong>Met goed gekozen investeringen kan echter zeer snel worden bespaard <\/strong>zowel qua onderhoud als qua brandstofverbruik en dus vervuilende emissies. De ondervonden problemen hebben vooral te maken met verwarming, de aanwezigheid van asbest of een goed beheer van het onderhoud van technische installaties.   <\/p>\n\n\n\n<p>Ons kantoor biedt een <strong>volledige deskundigheid<\/strong> om technische managers te ondersteunen bij hun energiereflectie en bij de uitvoering van actieplannen.   <\/p>\n\n\n\n<p>Onze actie kan met name de vorm aannemen van: <strong>PLAGE-ondersteuning, een energie-audit (primair), renovatiestudies van stookruimtes<\/strong>, <strong>studies over de integratie van hernieuwbare energie <\/strong>(fotovolta\u00efsche energie, warmtekrachtkoppeling, biomassa), maar ook  <strong>een energieprestatiecontract <\/strong>(met of zonder derde investeerder). <\/p>\n\n\n\n<p>Zo konden we steunen: UCL, ULB, VUB, ULi\u00e8ge, de gemeente Schaarbeek, de Stad Brussel, ASBL CRAIE, enz. <\/p>","protected":false},"excerpt":{"rendered":"<p>Schoolgebouwen presteren zelden goed als het gaat om energie-effici\u00ebntie. Het is logisch dat besluitvormers in de sector hun investeringen concentreren op hun hoofdberoep, namelijk onderwijs. Door goed gekozen investeringen kan echter zeer snel worden bespaard, zowel op het gebied van onderhoud als op het gebied van brandstofverbruik en dus vervuilende emissies. De ondervonden problemen zijn [\u2026]<\/p>","protected":false},"author":1,"featured_media":0,"parent":76,"menu_order":0,"comment_status":"closed","ping_status":"closed","template":"one-service.php","meta":{"_acf_changed":false,"_editorskit_title_hidden":false,"_editorskit_reading_time":1,"_editorskit_is_block_options_detached":false,"_editorskit_block_options_position":"{}","footnotes":""},"class_list":["post-244","page","type-page","status-publish","hentry"],"acf":[],"yoast_head":"<!-- This site is optimized with the Yoast SEO plugin v27.6 - https:\/\/yoast.com\/product\/yoast-seo-wordpress\/ -->\n<title>Enseignement - Deplasse &amp; Associ\u00e9s<\/title>\n<meta name=\"robots\" content=\"index, follow, max-snippet:-1, max-image-preview:large, max-video-preview:-1\" \/>\n<link rel=\"canonical\" href=\"https:\/\/www.deplasse.com\/nl\/services\/enseignement-et-universite\/\" \/>\n<meta property=\"og:locale\" content=\"nl_BE\" \/>\n<meta property=\"og:type\" content=\"article\" \/>\n<meta property=\"og:title\" content=\"Enseignement - Deplasse &amp; Associ\u00e9s\" \/>\n<meta property=\"og:description\" content=\"Les b\u00e2timents scolaires sont rarement de bons \u00e9l\u00e8ves en mati\u00e8re d&rsquo;efficacit\u00e9 \u00e9nerg\u00e9tique. Logiquement, les d\u00e9cideurs du secteur concentrent leurs investissements sur leur m\u00e9tier principal qu&rsquo;est l&rsquo;enseignement. Des investissements bien choisis permettent pourtant des \u00e9conomies tr\u00e8s rapides tant en termes de maintenance qu&rsquo;en termes de consommation de combustible et donc d&rsquo;\u00e9mission polluante. Les probl\u00e9matiques rencontr\u00e9es sont [&hellip;]\" \/>\n<meta property=\"og:url\" content=\"https:\/\/www.deplasse.com\/nl\/services\/enseignement-et-universite\/\" \/>\n<meta property=\"og:site_name\" content=\"Deplasse &amp; Associ\u00e9s\" \/>\n<meta property=\"article:modified_time\" content=\"2020-03-24T16:01:38+00:00\" \/>\n<meta name=\"twitter:card\" content=\"summary_large_image\" \/>\n<meta name=\"twitter:label1\" content=\"Geschatte leestijd\" \/>\n\t<meta name=\"twitter:data1\" content=\"1 minuut\" \/>\n<script type=\"application\/ld+json\" class=\"yoast-schema-graph\">{\"@context\":\"https:\\\/\\\/schema.org\",\"@graph\":[{\"@type\":\"WebPage\",\"@id\":\"https:\\\/\\\/www.deplasse.com\\\/services\\\/enseignement-et-universite\\\/\",\"url\":\"https:\\\/\\\/www.deplasse.com\\\/services\\\/enseignement-et-universite\\\/\",\"name\":\"Enseignement - Deplasse &amp; Associ\u00e9s\",\"isPartOf\":{\"@id\":\"https:\\\/\\\/www.deplasse.com\\\/#website\"},\"datePublished\":\"2019-12-19T08:56:02+00:00\",\"dateModified\":\"2020-03-24T16:01:38+00:00\",\"breadcrumb\":{\"@id\":\"https:\\\/\\\/www.deplasse.com\\\/services\\\/enseignement-et-universite\\\/#breadcrumb\"},\"inLanguage\":\"nl-BE\",\"potentialAction\":[{\"@type\":\"ReadAction\",\"target\":[\"https:\\\/\\\/www.deplasse.com\\\/services\\\/enseignement-et-universite\\\/\"]}]},{\"@type\":\"BreadcrumbList\",\"@id\":\"https:\\\/\\\/www.deplasse.com\\\/services\\\/enseignement-et-universite\\\/#breadcrumb\",\"itemListElement\":[{\"@type\":\"ListItem\",\"position\":1,\"name\":\"Home\",\"item\":\"https:\\\/\\\/www.deplasse.com\\\/\"},{\"@type\":\"ListItem\",\"position\":2,\"name\":\"Services\",\"item\":\"https:\\\/\\\/www.deplasse.com\\\/services\\\/\"},{\"@type\":\"ListItem\",\"position\":3,\"name\":\"Enseignement\"}]},{\"@type\":\"WebSite\",\"@id\":\"https:\\\/\\\/www.deplasse.com\\\/#website\",\"url\":\"https:\\\/\\\/www.deplasse.com\\\/\",\"name\":\"Deplasse &amp; Associ\u00e9s\",\"description\":\"Bureau d&#039;experts\",\"publisher\":{\"@id\":\"https:\\\/\\\/www.deplasse.com\\\/#organization\"},\"potentialAction\":[{\"@type\":\"SearchAction\",\"target\":{\"@type\":\"EntryPoint\",\"urlTemplate\":\"https:\\\/\\\/www.deplasse.com\\\/?s={search_term_string}\"},\"query-input\":{\"@type\":\"PropertyValueSpecification\",\"valueRequired\":true,\"valueName\":\"search_term_string\"}}],\"inLanguage\":\"nl-BE\"},{\"@type\":\"Organization\",\"@id\":\"https:\\\/\\\/www.deplasse.com\\\/#organization\",\"name\":\"Deplasse & Associ\u00e9s\",\"url\":\"https:\\\/\\\/www.deplasse.com\\\/\",\"logo\":{\"@type\":\"ImageObject\",\"inLanguage\":\"nl-BE\",\"@id\":\"https:\\\/\\\/www.deplasse.com\\\/#\\\/schema\\\/logo\\\/image\\\/\",\"url\":\"https:\\\/\\\/www.deplasse.com\\\/wp-content\\\/uploads\\\/2020\\\/03\\\/logo_be.jpg\",\"contentUrl\":\"https:\\\/\\\/www.deplasse.com\\\/wp-content\\\/uploads\\\/2020\\\/03\\\/logo_be.jpg\",\"width\":274,\"height\":167,\"caption\":\"Deplasse & Associ\u00e9s\"},\"image\":{\"@id\":\"https:\\\/\\\/www.deplasse.com\\\/#\\\/schema\\\/logo\\\/image\\\/\"}}]}<\/script>\n<!-- \/ Yoast SEO plugin. -->","yoast_head_json":{"title":"Enseignement - Deplasse &amp; Associ\u00e9s","robots":{"index":"index","follow":"follow","max-snippet":"max-snippet:-1","max-image-preview":"max-image-preview:large","max-video-preview":"max-video-preview:-1"},"canonical":"https:\/\/www.deplasse.com\/nl\/services\/enseignement-et-universite\/","og_locale":"nl_BE","og_type":"article","og_title":"Enseignement - Deplasse &amp; Associ\u00e9s","og_description":"Les b\u00e2timents scolaires sont rarement de bons \u00e9l\u00e8ves en mati\u00e8re d&rsquo;efficacit\u00e9 \u00e9nerg\u00e9tique. Logiquement, les d\u00e9cideurs du secteur concentrent leurs investissements sur leur m\u00e9tier principal qu&rsquo;est l&rsquo;enseignement. Des investissements bien choisis permettent pourtant des \u00e9conomies tr\u00e8s rapides tant en termes de maintenance qu&rsquo;en termes de consommation de combustible et donc d&rsquo;\u00e9mission polluante. Les probl\u00e9matiques rencontr\u00e9es sont [&hellip;]","og_url":"https:\/\/www.deplasse.com\/nl\/services\/enseignement-et-universite\/","og_site_name":"Deplasse &amp; Associ\u00e9s","article_modified_time":"2020-03-24T16:01:38+00:00","twitter_card":"summary_large_image","twitter_misc":{"Geschatte leestijd":"1 minuut"},"schema":{"@context":"https:\/\/schema.org","@graph":[{"@type":"WebPage","@id":"https:\/\/www.deplasse.com\/services\/enseignement-et-universite\/","url":"https:\/\/www.deplasse.com\/services\/enseignement-et-universite\/","name":"Enseignement - Deplasse &amp; Associ\u00e9s","isPartOf":{"@id":"https:\/\/www.deplasse.com\/#website"},"datePublished":"2019-12-19T08:56:02+00:00","dateModified":"2020-03-24T16:01:38+00:00","breadcrumb":{"@id":"https:\/\/www.deplasse.com\/services\/enseignement-et-universite\/#breadcrumb"},"inLanguage":"nl-BE","potentialAction":[{"@type":"ReadAction","target":["https:\/\/www.deplasse.com\/services\/enseignement-et-universite\/"]}]},{"@type":"BreadcrumbList","@id":"https:\/\/www.deplasse.com\/services\/enseignement-et-universite\/#breadcrumb","itemListElement":[{"@type":"ListItem","position":1,"name":"Home","item":"https:\/\/www.deplasse.com\/"},{"@type":"ListItem","position":2,"name":"Services","item":"https:\/\/www.deplasse.com\/services\/"},{"@type":"ListItem","position":3,"name":"Enseignement"}]},{"@type":"WebSite","@id":"https:\/\/www.deplasse.com\/#website","url":"https:\/\/www.deplasse.com\/","name":"Deplasse &amp; Associates","description":"Bureau van deskundigen","publisher":{"@id":"https:\/\/www.deplasse.com\/#organization"},"potentialAction":[{"@type":"SearchAction","target":{"@type":"EntryPoint","urlTemplate":"https:\/\/www.deplasse.com\/?s={search_term_string}"},"query-input":{"@type":"PropertyValueSpecification","valueRequired":true,"valueName":"search_term_string"}}],"inLanguage":"nl-BE"},{"@type":"Organization","@id":"https:\/\/www.deplasse.com\/#organization","name":"Deplasse &amp; Associates","url":"https:\/\/www.deplasse.com\/","logo":{"@type":"ImageObject","inLanguage":"nl-BE","@id":"https:\/\/www.deplasse.com\/#\/schema\/logo\/image\/","url":"https:\/\/www.deplasse.com\/wp-content\/uploads\/2020\/03\/logo_be.jpg","contentUrl":"https:\/\/www.deplasse.com\/wp-content\/uploads\/2020\/03\/logo_be.jpg","width":274,"height":167,"caption":"Deplasse & Associ\u00e9s"},"image":{"@id":"https:\/\/www.deplasse.com\/#\/schema\/logo\/image\/"}}]}},"wps_subtitle":"","_links":{"self":[{"href":"https:\/\/www.deplasse.com\/nl\/wp-json\/wp\/v2\/pages\/244","targetHints":{"allow":["GET"]}}],"collection":[{"href":"https:\/\/www.deplasse.com\/nl\/wp-json\/wp\/v2\/pages"}],"about":[{"href":"https:\/\/www.deplasse.com\/nl\/wp-json\/wp\/v2\/types\/page"}],"author":[{"embeddable":true,"href":"https:\/\/www.deplasse.com\/nl\/wp-json\/wp\/v2\/users\/1"}],"replies":[{"embeddable":true,"href":"https:\/\/www.deplasse.com\/nl\/wp-json\/wp\/v2\/comments?post=244"}],"version-history":[{"count":17,"href":"https:\/\/www.deplasse.com\/nl\/wp-json\/wp\/v2\/pages\/244\/revisions"}],"predecessor-version":[{"id":759,"href":"https:\/\/www.deplasse.com\/nl\/wp-json\/wp\/v2\/pages\/244\/revisions\/759"}],"up":[{"embeddable":true,"href":"https:\/\/www.deplasse.com\/nl\/wp-json\/wp\/v2\/pages\/76"}],"wp:attachment":[{"href":"https:\/\/www.deplasse.com\/nl\/wp-json\/wp\/v2\/media?parent=244"}],"curies":[{"name":"wp","href":"https:\/\/api.w.org\/{rel}","templated":true}]}}