{"id":246,"date":"2019-12-19T09:56:53","date_gmt":"2019-12-19T08:56:53","guid":{"rendered":"http:\/\/deplasse.mds-preview.ovh\/?page_id=246"},"modified":"2020-03-26T08:54:55","modified_gmt":"2020-03-26T07:54:55","slug":"immeubles-de-bureaux","status":"publish","type":"page","link":"https:\/\/www.deplasse.com\/nl\/services\/immeubles-de-bureaux\/","title":{"rendered":"Kantoren"},"content":{"rendered":"<p>Kantoorgebouwen zijn als een tweede huis voor hun huurders en bewoners. Daarom moeten ze momenteel zeer snel transformeren om aan de verwachtingen van de markt te voldoen: entertainment, ontspanningsruimtes, &quot;het nieuwe werken&quot;, cateringdiensten, energie-effici\u00ebntie, Smart Building, BREEAM, enz. Vastgoedbeheerders worden daarom voortdurend uitgedaagd om <strong>bieden een hoog serviceniveau en houden ladingen onder druk<\/strong>. Met een hoge en verouderde inventaris van beschikbare bureaus moeten vermogensbeheerders het doen <strong>hun gebouwen ontwikkelen<\/strong> als ze rendement willen genereren en zich willen onderscheiden van de concurrentie. De locatie van kantoorgebouwen volstaat niet meer.  <\/p>\n\n\n\n<p>In dit ecosysteem ondersteunen we de eigenaar en de vermogensbeheerder in de <strong>plannen van hun projecten<\/strong> (technische due diligence, investeringsplannen, BREEAM, etc.) zodat hun gebouw de <strong>toegevoegde waarde<\/strong> nodig tegen de beste prijs-kwaliteitverhouding. We begeleiden ze ook in de<strong> Ruimteplanning<\/strong> en de<strong>aanpassing van speciale technieken <\/strong>resulterend. Wij ondersteunen de vastgoedbeheerder in zijn dagelijks beheer zodat hij het beste verkrijgt <strong>tevredenheid van de bewoner<\/strong> alles in <strong>beperking van de lasten<\/strong>.  <\/p>\n\n\n\n<p>de <strong>onderhoud controle<\/strong> is het terugkerende element dat afwijkingen in comfort en verbruik vermijdt en tegelijkertijd een hoog serviceniveau van het onderhoudsbedrijf garandeert. Wij bieden ook <strong>energiemonitoring op afstand<\/strong>, van de <strong>comfort audits<\/strong>, van de <strong>energie audits<\/strong>, van de <strong>technische expertise<\/strong> net zoals <strong>onderhoudscontracten schrijven<\/strong> om het contract van de exploitant weer open te stellen voor concurrentie.<\/p>","protected":false},"excerpt":{"rendered":"<p>Kantoorgebouwen zijn als een tweede huis voor hun huurders en bewoners. Dit is de reden waarom ze momenteel zeer snel moeten transformeren om aan de verwachtingen van de markt te voldoen: entertainment, ontspanningsruimtes, &quot;nieuwe manier van werken&quot;, cateringdiensten, energie-effici\u00ebntie, Smart Building, BREEAM,... Vastgoedbeheerders worden daarom uitgedaagd [...]<\/p>","protected":false},"author":1,"featured_media":0,"parent":76,"menu_order":0,"comment_status":"closed","ping_status":"closed","template":"one-service.php","meta":{"_acf_changed":false,"_editorskit_title_hidden":false,"_editorskit_reading_time":1,"_editorskit_is_block_options_detached":false,"_editorskit_block_options_position":"{}","footnotes":""},"class_list":["post-246","page","type-page","status-publish","hentry"],"acf":[],"yoast_head":"<!-- This site is optimized with the Yoast SEO plugin v27.6 - https:\/\/yoast.com\/product\/yoast-seo-wordpress\/ -->\n<title>Bureaux - Deplasse &amp; Associ\u00e9s<\/title>\n<meta name=\"robots\" content=\"index, follow, max-snippet:-1, max-image-preview:large, max-video-preview:-1\" \/>\n<link rel=\"canonical\" href=\"https:\/\/www.deplasse.com\/nl\/services\/immeubles-de-bureaux\/\" \/>\n<meta property=\"og:locale\" content=\"nl_BE\" \/>\n<meta property=\"og:type\" content=\"article\" \/>\n<meta property=\"og:title\" content=\"Bureaux - Deplasse &amp; Associ\u00e9s\" \/>\n<meta property=\"og:description\" content=\"Les immeubles de bureaux sont comme une seconde maison pour leurs locataires et occupants. C&rsquo;est la raison pour laquelle ils doivent actuellement se transformer tr\u00e8s rapidement pour r\u00e9pondre aux attentes du march\u00e9: animations, espaces de d\u00e9tente, \u00ab\u00a0new way of work\u00a0\u00bb, services de restauration, efficacit\u00e9 \u00e9nerg\u00e9tique, Smart building, BREEAM, &#8230; Les property managers sont donc challeng\u00e9s [&hellip;]\" \/>\n<meta property=\"og:url\" content=\"https:\/\/www.deplasse.com\/nl\/services\/immeubles-de-bureaux\/\" \/>\n<meta property=\"og:site_name\" content=\"Deplasse &amp; Associ\u00e9s\" \/>\n<meta property=\"article:modified_time\" content=\"2020-03-26T07:54:55+00:00\" \/>\n<meta name=\"twitter:card\" content=\"summary_large_image\" \/>\n<meta name=\"twitter:label1\" content=\"Geschatte leestijd\" \/>\n\t<meta name=\"twitter:data1\" content=\"1 minuut\" \/>\n<script type=\"application\/ld+json\" class=\"yoast-schema-graph\">{\"@context\":\"https:\\\/\\\/schema.org\",\"@graph\":[{\"@type\":\"WebPage\",\"@id\":\"https:\\\/\\\/www.deplasse.com\\\/services\\\/immeubles-de-bureaux\\\/\",\"url\":\"https:\\\/\\\/www.deplasse.com\\\/services\\\/immeubles-de-bureaux\\\/\",\"name\":\"Bureaux - Deplasse &amp; Associ\u00e9s\",\"isPartOf\":{\"@id\":\"https:\\\/\\\/www.deplasse.com\\\/#website\"},\"datePublished\":\"2019-12-19T08:56:53+00:00\",\"dateModified\":\"2020-03-26T07:54:55+00:00\",\"breadcrumb\":{\"@id\":\"https:\\\/\\\/www.deplasse.com\\\/services\\\/immeubles-de-bureaux\\\/#breadcrumb\"},\"inLanguage\":\"nl-BE\",\"potentialAction\":[{\"@type\":\"ReadAction\",\"target\":[\"https:\\\/\\\/www.deplasse.com\\\/services\\\/immeubles-de-bureaux\\\/\"]}]},{\"@type\":\"BreadcrumbList\",\"@id\":\"https:\\\/\\\/www.deplasse.com\\\/services\\\/immeubles-de-bureaux\\\/#breadcrumb\",\"itemListElement\":[{\"@type\":\"ListItem\",\"position\":1,\"name\":\"Home\",\"item\":\"https:\\\/\\\/www.deplasse.com\\\/\"},{\"@type\":\"ListItem\",\"position\":2,\"name\":\"Services\",\"item\":\"https:\\\/\\\/www.deplasse.com\\\/services\\\/\"},{\"@type\":\"ListItem\",\"position\":3,\"name\":\"Bureaux\"}]},{\"@type\":\"WebSite\",\"@id\":\"https:\\\/\\\/www.deplasse.com\\\/#website\",\"url\":\"https:\\\/\\\/www.deplasse.com\\\/\",\"name\":\"Deplasse &amp; Associ\u00e9s\",\"description\":\"Bureau d&#039;experts\",\"publisher\":{\"@id\":\"https:\\\/\\\/www.deplasse.com\\\/#organization\"},\"potentialAction\":[{\"@type\":\"SearchAction\",\"target\":{\"@type\":\"EntryPoint\",\"urlTemplate\":\"https:\\\/\\\/www.deplasse.com\\\/?s={search_term_string}\"},\"query-input\":{\"@type\":\"PropertyValueSpecification\",\"valueRequired\":true,\"valueName\":\"search_term_string\"}}],\"inLanguage\":\"nl-BE\"},{\"@type\":\"Organization\",\"@id\":\"https:\\\/\\\/www.deplasse.com\\\/#organization\",\"name\":\"Deplasse & Associ\u00e9s\",\"url\":\"https:\\\/\\\/www.deplasse.com\\\/\",\"logo\":{\"@type\":\"ImageObject\",\"inLanguage\":\"nl-BE\",\"@id\":\"https:\\\/\\\/www.deplasse.com\\\/#\\\/schema\\\/logo\\\/image\\\/\",\"url\":\"https:\\\/\\\/www.deplasse.com\\\/wp-content\\\/uploads\\\/2020\\\/03\\\/logo_be.jpg\",\"contentUrl\":\"https:\\\/\\\/www.deplasse.com\\\/wp-content\\\/uploads\\\/2020\\\/03\\\/logo_be.jpg\",\"width\":274,\"height\":167,\"caption\":\"Deplasse & Associ\u00e9s\"},\"image\":{\"@id\":\"https:\\\/\\\/www.deplasse.com\\\/#\\\/schema\\\/logo\\\/image\\\/\"}}]}<\/script>\n<!-- \/ Yoast SEO plugin. -->","yoast_head_json":{"title":"Bureaux - Deplasse &amp; Associ\u00e9s","robots":{"index":"index","follow":"follow","max-snippet":"max-snippet:-1","max-image-preview":"max-image-preview:large","max-video-preview":"max-video-preview:-1"},"canonical":"https:\/\/www.deplasse.com\/nl\/services\/immeubles-de-bureaux\/","og_locale":"nl_BE","og_type":"article","og_title":"Bureaux - Deplasse &amp; Associ\u00e9s","og_description":"Les immeubles de bureaux sont comme une seconde maison pour leurs locataires et occupants. C&rsquo;est la raison pour laquelle ils doivent actuellement se transformer tr\u00e8s rapidement pour r\u00e9pondre aux attentes du march\u00e9: animations, espaces de d\u00e9tente, \u00ab\u00a0new way of work\u00a0\u00bb, services de restauration, efficacit\u00e9 \u00e9nerg\u00e9tique, Smart building, BREEAM, &#8230; Les property managers sont donc challeng\u00e9s [&hellip;]","og_url":"https:\/\/www.deplasse.com\/nl\/services\/immeubles-de-bureaux\/","og_site_name":"Deplasse &amp; Associ\u00e9s","article_modified_time":"2020-03-26T07:54:55+00:00","twitter_card":"summary_large_image","twitter_misc":{"Geschatte leestijd":"1 minuut"},"schema":{"@context":"https:\/\/schema.org","@graph":[{"@type":"WebPage","@id":"https:\/\/www.deplasse.com\/services\/immeubles-de-bureaux\/","url":"https:\/\/www.deplasse.com\/services\/immeubles-de-bureaux\/","name":"Bureaux - Deplasse &amp; Associ\u00e9s","isPartOf":{"@id":"https:\/\/www.deplasse.com\/#website"},"datePublished":"2019-12-19T08:56:53+00:00","dateModified":"2020-03-26T07:54:55+00:00","breadcrumb":{"@id":"https:\/\/www.deplasse.com\/services\/immeubles-de-bureaux\/#breadcrumb"},"inLanguage":"nl-BE","potentialAction":[{"@type":"ReadAction","target":["https:\/\/www.deplasse.com\/services\/immeubles-de-bureaux\/"]}]},{"@type":"BreadcrumbList","@id":"https:\/\/www.deplasse.com\/services\/immeubles-de-bureaux\/#breadcrumb","itemListElement":[{"@type":"ListItem","position":1,"name":"Home","item":"https:\/\/www.deplasse.com\/"},{"@type":"ListItem","position":2,"name":"Services","item":"https:\/\/www.deplasse.com\/services\/"},{"@type":"ListItem","position":3,"name":"Bureaux"}]},{"@type":"WebSite","@id":"https:\/\/www.deplasse.com\/#website","url":"https:\/\/www.deplasse.com\/","name":"Deplasse &amp; Associates","description":"Bureau van deskundigen","publisher":{"@id":"https:\/\/www.deplasse.com\/#organization"},"potentialAction":[{"@type":"SearchAction","target":{"@type":"EntryPoint","urlTemplate":"https:\/\/www.deplasse.com\/?s={search_term_string}"},"query-input":{"@type":"PropertyValueSpecification","valueRequired":true,"valueName":"search_term_string"}}],"inLanguage":"nl-BE"},{"@type":"Organization","@id":"https:\/\/www.deplasse.com\/#organization","name":"Deplasse &amp; Associates","url":"https:\/\/www.deplasse.com\/","logo":{"@type":"ImageObject","inLanguage":"nl-BE","@id":"https:\/\/www.deplasse.com\/#\/schema\/logo\/image\/","url":"https:\/\/www.deplasse.com\/wp-content\/uploads\/2020\/03\/logo_be.jpg","contentUrl":"https:\/\/www.deplasse.com\/wp-content\/uploads\/2020\/03\/logo_be.jpg","width":274,"height":167,"caption":"Deplasse & Associ\u00e9s"},"image":{"@id":"https:\/\/www.deplasse.com\/#\/schema\/logo\/image\/"}}]}},"wps_subtitle":"","_links":{"self":[{"href":"https:\/\/www.deplasse.com\/nl\/wp-json\/wp\/v2\/pages\/246","targetHints":{"allow":["GET"]}}],"collection":[{"href":"https:\/\/www.deplasse.com\/nl\/wp-json\/wp\/v2\/pages"}],"about":[{"href":"https:\/\/www.deplasse.com\/nl\/wp-json\/wp\/v2\/types\/page"}],"author":[{"embeddable":true,"href":"https:\/\/www.deplasse.com\/nl\/wp-json\/wp\/v2\/users\/1"}],"replies":[{"embeddable":true,"href":"https:\/\/www.deplasse.com\/nl\/wp-json\/wp\/v2\/comments?post=246"}],"version-history":[{"count":13,"href":"https:\/\/www.deplasse.com\/nl\/wp-json\/wp\/v2\/pages\/246\/revisions"}],"predecessor-version":[{"id":862,"href":"https:\/\/www.deplasse.com\/nl\/wp-json\/wp\/v2\/pages\/246\/revisions\/862"}],"up":[{"embeddable":true,"href":"https:\/\/www.deplasse.com\/nl\/wp-json\/wp\/v2\/pages\/76"}],"wp:attachment":[{"href":"https:\/\/www.deplasse.com\/nl\/wp-json\/wp\/v2\/media?parent=246"}],"curies":[{"name":"wp","href":"https:\/\/api.w.org\/{rel}","templated":true}]}}