{"id":248,"date":"2019-12-19T09:57:33","date_gmt":"2019-12-19T08:57:33","guid":{"rendered":"http:\/\/deplasse.mds-preview.ovh\/?page_id=248"},"modified":"2020-03-26T12:01:27","modified_gmt":"2020-03-26T11:01:27","slug":"etablissements-culturels","status":"publish","type":"page","link":"https:\/\/www.deplasse.com\/nl\/services\/etablissements-culturels\/","title":{"rendered":"Cultuur"},"content":{"rendered":"<p>Culturele gebouwen zijn heel bijzonder en zouden niet volgens dezelfde normen moeten worden beheerd als kantoorgebouwen of winkelcentra.<\/p>\n\n\n\n<p>Wie zou accepteren dat de toeschouwers koste wat kost bewegen tijdens een opera omdat het te koud is? Wie zou in dezelfde kamer ventilatiegeluiden accepteren die de muziekliefhebber of de filmliefhebber zouden beletten te genieten van dit moment van tijdloze onderdompeling? Wie zou het risico nemen dat slecht beheerde luchtvochtigheid het canvas van een meester voortijdig zou aantasten of het geluid van een Stradivarius zou schaden? Onze ervaring naast de eigenaren en beheerders van culturele infrastructuren stelt ons in staat om te bieden <strong>oplossingen op maat<\/strong> rekening houdend met deze <strong>heel specifieke realiteiten<\/strong>.  <\/p>\n\n\n\n<p>EEN <strong>volledige inbedrijfstelling<\/strong> is vooral belangrijk voor dit type gebouw om een <strong>werking van de installaties conform de uitgevoerde functieanalyse<\/strong>. Onze gecertificeerde teams <strong>ASHRAE<\/strong> biedt u de ondersteuning die u nodig heeft om comfort, energie en de dagelijkse werking van uw culturele gebouwen te verzoenen.<\/p>","protected":false},"excerpt":{"rendered":"<p>Culturele gebouwen zijn heel bijzonder en zouden niet volgens dezelfde normen moeten worden beheerd als kantoorgebouwen of winkelcentra. Wie zou accepteren dat de toeschouwers koste wat kost bewegen tijdens een opera omdat het te koud is? Wie zou in dezelfde kamer ventilatiegeluiden accepteren [\u2026]<\/p>","protected":false},"author":1,"featured_media":0,"parent":76,"menu_order":0,"comment_status":"closed","ping_status":"closed","template":"one-service.php","meta":{"_acf_changed":false,"_editorskit_title_hidden":false,"_editorskit_reading_time":1,"_editorskit_is_block_options_detached":false,"_editorskit_block_options_position":"{}","footnotes":""},"class_list":["post-248","page","type-page","status-publish","hentry"],"acf":[],"yoast_head":"<!-- This site is optimized with the Yoast SEO plugin v27.6 - https:\/\/yoast.com\/product\/yoast-seo-wordpress\/ -->\n<title>Culture - Deplasse &amp; Associ\u00e9s<\/title>\n<meta name=\"robots\" content=\"index, follow, max-snippet:-1, max-image-preview:large, max-video-preview:-1\" \/>\n<link rel=\"canonical\" href=\"https:\/\/www.deplasse.com\/nl\/services\/etablissements-culturels\/\" \/>\n<meta property=\"og:locale\" content=\"nl_BE\" \/>\n<meta property=\"og:type\" content=\"article\" \/>\n<meta property=\"og:title\" content=\"Culture - Deplasse &amp; Associ\u00e9s\" \/>\n<meta property=\"og:description\" content=\"Les b\u00e2timents \u00e0 vocation culturelle sont bien particuliers et ne doivent pas \u00eatre g\u00e9r\u00e9s selon les m\u00eames standards que des immeubles de bureaux ou que des shoppings. Qui accepterait que les spectateurs bougent \u00e0 tout va au cours d&rsquo;un op\u00e9ra car il fait trop froid? Qui accepterait dans cette m\u00eame salle des bruits de ventilation [&hellip;]\" \/>\n<meta property=\"og:url\" content=\"https:\/\/www.deplasse.com\/nl\/services\/etablissements-culturels\/\" \/>\n<meta property=\"og:site_name\" content=\"Deplasse &amp; Associ\u00e9s\" \/>\n<meta property=\"article:modified_time\" content=\"2020-03-26T11:01:27+00:00\" \/>\n<meta name=\"twitter:card\" content=\"summary_large_image\" \/>\n<meta name=\"twitter:label1\" content=\"Geschatte leestijd\" \/>\n\t<meta name=\"twitter:data1\" content=\"1 minuut\" \/>\n<script type=\"application\/ld+json\" class=\"yoast-schema-graph\">{\"@context\":\"https:\\\/\\\/schema.org\",\"@graph\":[{\"@type\":\"WebPage\",\"@id\":\"https:\\\/\\\/www.deplasse.com\\\/services\\\/etablissements-culturels\\\/\",\"url\":\"https:\\\/\\\/www.deplasse.com\\\/services\\\/etablissements-culturels\\\/\",\"name\":\"Culture - Deplasse &amp; Associ\u00e9s\",\"isPartOf\":{\"@id\":\"https:\\\/\\\/www.deplasse.com\\\/#website\"},\"datePublished\":\"2019-12-19T08:57:33+00:00\",\"dateModified\":\"2020-03-26T11:01:27+00:00\",\"breadcrumb\":{\"@id\":\"https:\\\/\\\/www.deplasse.com\\\/services\\\/etablissements-culturels\\\/#breadcrumb\"},\"inLanguage\":\"nl-BE\",\"potentialAction\":[{\"@type\":\"ReadAction\",\"target\":[\"https:\\\/\\\/www.deplasse.com\\\/services\\\/etablissements-culturels\\\/\"]}]},{\"@type\":\"BreadcrumbList\",\"@id\":\"https:\\\/\\\/www.deplasse.com\\\/services\\\/etablissements-culturels\\\/#breadcrumb\",\"itemListElement\":[{\"@type\":\"ListItem\",\"position\":1,\"name\":\"Home\",\"item\":\"https:\\\/\\\/www.deplasse.com\\\/\"},{\"@type\":\"ListItem\",\"position\":2,\"name\":\"Services\",\"item\":\"https:\\\/\\\/www.deplasse.com\\\/services\\\/\"},{\"@type\":\"ListItem\",\"position\":3,\"name\":\"Culture\"}]},{\"@type\":\"WebSite\",\"@id\":\"https:\\\/\\\/www.deplasse.com\\\/#website\",\"url\":\"https:\\\/\\\/www.deplasse.com\\\/\",\"name\":\"Deplasse &amp; Associ\u00e9s\",\"description\":\"Bureau d&#039;experts\",\"publisher\":{\"@id\":\"https:\\\/\\\/www.deplasse.com\\\/#organization\"},\"potentialAction\":[{\"@type\":\"SearchAction\",\"target\":{\"@type\":\"EntryPoint\",\"urlTemplate\":\"https:\\\/\\\/www.deplasse.com\\\/?s={search_term_string}\"},\"query-input\":{\"@type\":\"PropertyValueSpecification\",\"valueRequired\":true,\"valueName\":\"search_term_string\"}}],\"inLanguage\":\"nl-BE\"},{\"@type\":\"Organization\",\"@id\":\"https:\\\/\\\/www.deplasse.com\\\/#organization\",\"name\":\"Deplasse & Associ\u00e9s\",\"url\":\"https:\\\/\\\/www.deplasse.com\\\/\",\"logo\":{\"@type\":\"ImageObject\",\"inLanguage\":\"nl-BE\",\"@id\":\"https:\\\/\\\/www.deplasse.com\\\/#\\\/schema\\\/logo\\\/image\\\/\",\"url\":\"https:\\\/\\\/www.deplasse.com\\\/wp-content\\\/uploads\\\/2020\\\/03\\\/logo_be.jpg\",\"contentUrl\":\"https:\\\/\\\/www.deplasse.com\\\/wp-content\\\/uploads\\\/2020\\\/03\\\/logo_be.jpg\",\"width\":274,\"height\":167,\"caption\":\"Deplasse & Associ\u00e9s\"},\"image\":{\"@id\":\"https:\\\/\\\/www.deplasse.com\\\/#\\\/schema\\\/logo\\\/image\\\/\"}}]}<\/script>\n<!-- \/ Yoast SEO plugin. -->","yoast_head_json":{"title":"Culture - Deplasse &amp; Associ\u00e9s","robots":{"index":"index","follow":"follow","max-snippet":"max-snippet:-1","max-image-preview":"max-image-preview:large","max-video-preview":"max-video-preview:-1"},"canonical":"https:\/\/www.deplasse.com\/nl\/services\/etablissements-culturels\/","og_locale":"nl_BE","og_type":"article","og_title":"Culture - Deplasse &amp; Associ\u00e9s","og_description":"Les b\u00e2timents \u00e0 vocation culturelle sont bien particuliers et ne doivent pas \u00eatre g\u00e9r\u00e9s selon les m\u00eames standards que des immeubles de bureaux ou que des shoppings. Qui accepterait que les spectateurs bougent \u00e0 tout va au cours d&rsquo;un op\u00e9ra car il fait trop froid? Qui accepterait dans cette m\u00eame salle des bruits de ventilation [&hellip;]","og_url":"https:\/\/www.deplasse.com\/nl\/services\/etablissements-culturels\/","og_site_name":"Deplasse &amp; Associ\u00e9s","article_modified_time":"2020-03-26T11:01:27+00:00","twitter_card":"summary_large_image","twitter_misc":{"Geschatte leestijd":"1 minuut"},"schema":{"@context":"https:\/\/schema.org","@graph":[{"@type":"WebPage","@id":"https:\/\/www.deplasse.com\/services\/etablissements-culturels\/","url":"https:\/\/www.deplasse.com\/services\/etablissements-culturels\/","name":"Culture - Deplasse &amp; Associ\u00e9s","isPartOf":{"@id":"https:\/\/www.deplasse.com\/#website"},"datePublished":"2019-12-19T08:57:33+00:00","dateModified":"2020-03-26T11:01:27+00:00","breadcrumb":{"@id":"https:\/\/www.deplasse.com\/services\/etablissements-culturels\/#breadcrumb"},"inLanguage":"nl-BE","potentialAction":[{"@type":"ReadAction","target":["https:\/\/www.deplasse.com\/services\/etablissements-culturels\/"]}]},{"@type":"BreadcrumbList","@id":"https:\/\/www.deplasse.com\/services\/etablissements-culturels\/#breadcrumb","itemListElement":[{"@type":"ListItem","position":1,"name":"Home","item":"https:\/\/www.deplasse.com\/"},{"@type":"ListItem","position":2,"name":"Services","item":"https:\/\/www.deplasse.com\/services\/"},{"@type":"ListItem","position":3,"name":"Culture"}]},{"@type":"WebSite","@id":"https:\/\/www.deplasse.com\/#website","url":"https:\/\/www.deplasse.com\/","name":"Deplasse &amp; Associates","description":"Bureau van deskundigen","publisher":{"@id":"https:\/\/www.deplasse.com\/#organization"},"potentialAction":[{"@type":"SearchAction","target":{"@type":"EntryPoint","urlTemplate":"https:\/\/www.deplasse.com\/?s={search_term_string}"},"query-input":{"@type":"PropertyValueSpecification","valueRequired":true,"valueName":"search_term_string"}}],"inLanguage":"nl-BE"},{"@type":"Organization","@id":"https:\/\/www.deplasse.com\/#organization","name":"Deplasse &amp; Associates","url":"https:\/\/www.deplasse.com\/","logo":{"@type":"ImageObject","inLanguage":"nl-BE","@id":"https:\/\/www.deplasse.com\/#\/schema\/logo\/image\/","url":"https:\/\/www.deplasse.com\/wp-content\/uploads\/2020\/03\/logo_be.jpg","contentUrl":"https:\/\/www.deplasse.com\/wp-content\/uploads\/2020\/03\/logo_be.jpg","width":274,"height":167,"caption":"Deplasse & Associ\u00e9s"},"image":{"@id":"https:\/\/www.deplasse.com\/#\/schema\/logo\/image\/"}}]}},"wps_subtitle":"","_links":{"self":[{"href":"https:\/\/www.deplasse.com\/nl\/wp-json\/wp\/v2\/pages\/248","targetHints":{"allow":["GET"]}}],"collection":[{"href":"https:\/\/www.deplasse.com\/nl\/wp-json\/wp\/v2\/pages"}],"about":[{"href":"https:\/\/www.deplasse.com\/nl\/wp-json\/wp\/v2\/types\/page"}],"author":[{"embeddable":true,"href":"https:\/\/www.deplasse.com\/nl\/wp-json\/wp\/v2\/users\/1"}],"replies":[{"embeddable":true,"href":"https:\/\/www.deplasse.com\/nl\/wp-json\/wp\/v2\/comments?post=248"}],"version-history":[{"count":8,"href":"https:\/\/www.deplasse.com\/nl\/wp-json\/wp\/v2\/pages\/248\/revisions"}],"predecessor-version":[{"id":850,"href":"https:\/\/www.deplasse.com\/nl\/wp-json\/wp\/v2\/pages\/248\/revisions\/850"}],"up":[{"embeddable":true,"href":"https:\/\/www.deplasse.com\/nl\/wp-json\/wp\/v2\/pages\/76"}],"wp:attachment":[{"href":"https:\/\/www.deplasse.com\/nl\/wp-json\/wp\/v2\/media?parent=248"}],"curies":[{"name":"wp","href":"https:\/\/api.w.org\/{rel}","templated":true}]}}