{"id":250,"date":"2019-12-19T09:59:04","date_gmt":"2019-12-19T08:59:04","guid":{"rendered":"http:\/\/deplasse.mds-preview.ovh\/?page_id=250"},"modified":"2020-03-26T09:01:45","modified_gmt":"2020-03-26T08:01:45","slug":"infrastructures","status":"publish","type":"page","link":"https:\/\/www.deplasse.com\/nl\/services\/infrastructures\/","title":{"rendered":"Infrastructuur"},"content":{"rendered":"<p>Met meer dan 20 referenties met betrekking tot <strong>Stedelijke warmtenetten<\/strong> (RCU) voor een cumulatief vermogen van meer dan 200 MW thermisch wordt Deplasse &amp; Associ\u00e9s erkend als<strong> leider in planning, ontwerp, energiemonitoring en controle van technisch onderhoud<\/strong> Stadsverwarmingsnetwerken in Belgi\u00eb.<\/p>\n\n\n\n<p>de <strong>PNEC&#039;s<\/strong> (Nationaal Energie-Klimaatplan), de <strong>PWEC<\/strong> (Waals Energie-Klimaatplan) en de richtlijn <strong>2018\/2001<\/strong> zet de deuren wagenwijd open voor stadsverwarmingsnetwerken. Historisch gezien zijn deze aanwezig om restwarmte van industrie\u00ebn of op universitaire terreinen terug te winnen. echter, de<strong>collectief eigen verbruik<\/strong> en de verwachte ontwikkeling van <strong>hernieuwbare energie<\/strong> (warmtekrachtkoppeling met gas en biomassa, mijngeothermie, dissipatie van restwarmte aan de uitlaat van de turbine op diepe geothermie en op verbrandingsovens, enz.) zal een mechanische ontwikkeling van verwarmingsnetwerken met zich meebrengen, ondanks de sociologische rem die vaak de wens tot individualisering van de consument vormt. <\/p>\n\n\n\n<p>Als de planning van een warmtenet ooit bestond uit wandelen door de straten van een stad, dan is dat tegenwoordig het geval <strong>satelliet kaarten<\/strong> en de <strong>database<\/strong> die het ontwerp van een warmtenetproject vormgeven. Daarom ontwikkelen we samen met onze technologische partners <strong>Software oplossingen<\/strong> waardoor we kunnen uitvoeren <strong>haalbaarheidsstudies<\/strong> sneller en grondiger dan een paar jaar geleden terwijl <strong>verbeteren van het risicomanagement<\/strong> via databanken <strong>statistieken<\/strong>.<\/p>","protected":false},"excerpt":{"rendered":"<p>Met meer dan 20 referenties met betrekking tot stadsverwarmingsnetwerken (RCU) voor een cumulatief vermogen van meer dan 200 MW thermisch, wordt Deplasse &amp; Associ\u00e9s erkend als een leider in de planning, het ontwerp, de energiebewaking en de controle van het technisch onderhoud van stadsverwarmingsnetwerken in Belgi\u00eb. Het PNEC (Plan [\u2026]<\/p>","protected":false},"author":1,"featured_media":0,"parent":76,"menu_order":0,"comment_status":"closed","ping_status":"closed","template":"one-service.php","meta":{"_acf_changed":false,"_editorskit_title_hidden":false,"_editorskit_reading_time":1,"_editorskit_is_block_options_detached":false,"_editorskit_block_options_position":"{}","footnotes":""},"class_list":["post-250","page","type-page","status-publish","hentry"],"acf":[],"yoast_head":"<!-- This site is optimized with the Yoast SEO plugin v27.6 - https:\/\/yoast.com\/product\/yoast-seo-wordpress\/ -->\n<title>Infrastructures - Deplasse &amp; Associ\u00e9s<\/title>\n<meta name=\"robots\" content=\"index, follow, max-snippet:-1, max-image-preview:large, max-video-preview:-1\" \/>\n<link rel=\"canonical\" href=\"https:\/\/www.deplasse.com\/nl\/services\/infrastructures\/\" \/>\n<meta property=\"og:locale\" content=\"nl_BE\" \/>\n<meta property=\"og:type\" content=\"article\" \/>\n<meta property=\"og:title\" content=\"Infrastructures - Deplasse &amp; Associ\u00e9s\" \/>\n<meta property=\"og:description\" content=\"Avec plus de 20 r\u00e9f\u00e9rences relatives \u00e0 des R\u00e9seaux de Chaleur Urbain (RCU) pour une puissance cumul\u00e9e de plus de 200 MW thermique, Deplasse &amp; Associ\u00e9s est reconnu comme leader dans la planification, la conception, le suivi \u00e9nerg\u00e9tique et le contr\u00f4le de la maintenance technique des R\u00e9seaux de Chauffage Urbain en Belgique. Le PNEC (Plan [&hellip;]\" \/>\n<meta property=\"og:url\" content=\"https:\/\/www.deplasse.com\/nl\/services\/infrastructures\/\" \/>\n<meta property=\"og:site_name\" content=\"Deplasse &amp; Associ\u00e9s\" \/>\n<meta property=\"article:modified_time\" content=\"2020-03-26T08:01:45+00:00\" \/>\n<meta name=\"twitter:card\" content=\"summary_large_image\" \/>\n<meta name=\"twitter:label1\" content=\"Geschatte leestijd\" \/>\n\t<meta name=\"twitter:data1\" content=\"1 minuut\" \/>\n<script type=\"application\/ld+json\" class=\"yoast-schema-graph\">{\"@context\":\"https:\\\/\\\/schema.org\",\"@graph\":[{\"@type\":\"WebPage\",\"@id\":\"https:\\\/\\\/www.deplasse.com\\\/services\\\/infrastructures\\\/\",\"url\":\"https:\\\/\\\/www.deplasse.com\\\/services\\\/infrastructures\\\/\",\"name\":\"Infrastructures - Deplasse &amp; Associ\u00e9s\",\"isPartOf\":{\"@id\":\"https:\\\/\\\/www.deplasse.com\\\/#website\"},\"datePublished\":\"2019-12-19T08:59:04+00:00\",\"dateModified\":\"2020-03-26T08:01:45+00:00\",\"breadcrumb\":{\"@id\":\"https:\\\/\\\/www.deplasse.com\\\/services\\\/infrastructures\\\/#breadcrumb\"},\"inLanguage\":\"nl-BE\",\"potentialAction\":[{\"@type\":\"ReadAction\",\"target\":[\"https:\\\/\\\/www.deplasse.com\\\/services\\\/infrastructures\\\/\"]}]},{\"@type\":\"BreadcrumbList\",\"@id\":\"https:\\\/\\\/www.deplasse.com\\\/services\\\/infrastructures\\\/#breadcrumb\",\"itemListElement\":[{\"@type\":\"ListItem\",\"position\":1,\"name\":\"Home\",\"item\":\"https:\\\/\\\/www.deplasse.com\\\/\"},{\"@type\":\"ListItem\",\"position\":2,\"name\":\"Services\",\"item\":\"https:\\\/\\\/www.deplasse.com\\\/services\\\/\"},{\"@type\":\"ListItem\",\"position\":3,\"name\":\"Infrastructures\"}]},{\"@type\":\"WebSite\",\"@id\":\"https:\\\/\\\/www.deplasse.com\\\/#website\",\"url\":\"https:\\\/\\\/www.deplasse.com\\\/\",\"name\":\"Deplasse &amp; Associ\u00e9s\",\"description\":\"Bureau d&#039;experts\",\"publisher\":{\"@id\":\"https:\\\/\\\/www.deplasse.com\\\/#organization\"},\"potentialAction\":[{\"@type\":\"SearchAction\",\"target\":{\"@type\":\"EntryPoint\",\"urlTemplate\":\"https:\\\/\\\/www.deplasse.com\\\/?s={search_term_string}\"},\"query-input\":{\"@type\":\"PropertyValueSpecification\",\"valueRequired\":true,\"valueName\":\"search_term_string\"}}],\"inLanguage\":\"nl-BE\"},{\"@type\":\"Organization\",\"@id\":\"https:\\\/\\\/www.deplasse.com\\\/#organization\",\"name\":\"Deplasse & Associ\u00e9s\",\"url\":\"https:\\\/\\\/www.deplasse.com\\\/\",\"logo\":{\"@type\":\"ImageObject\",\"inLanguage\":\"nl-BE\",\"@id\":\"https:\\\/\\\/www.deplasse.com\\\/#\\\/schema\\\/logo\\\/image\\\/\",\"url\":\"https:\\\/\\\/www.deplasse.com\\\/wp-content\\\/uploads\\\/2020\\\/03\\\/logo_be.jpg\",\"contentUrl\":\"https:\\\/\\\/www.deplasse.com\\\/wp-content\\\/uploads\\\/2020\\\/03\\\/logo_be.jpg\",\"width\":274,\"height\":167,\"caption\":\"Deplasse & Associ\u00e9s\"},\"image\":{\"@id\":\"https:\\\/\\\/www.deplasse.com\\\/#\\\/schema\\\/logo\\\/image\\\/\"}}]}<\/script>\n<!-- \/ Yoast SEO plugin. -->","yoast_head_json":{"title":"Infrastructures - Deplasse &amp; Associ\u00e9s","robots":{"index":"index","follow":"follow","max-snippet":"max-snippet:-1","max-image-preview":"max-image-preview:large","max-video-preview":"max-video-preview:-1"},"canonical":"https:\/\/www.deplasse.com\/nl\/services\/infrastructures\/","og_locale":"nl_BE","og_type":"article","og_title":"Infrastructures - Deplasse &amp; Associ\u00e9s","og_description":"Avec plus de 20 r\u00e9f\u00e9rences relatives \u00e0 des R\u00e9seaux de Chaleur Urbain (RCU) pour une puissance cumul\u00e9e de plus de 200 MW thermique, Deplasse &amp; Associ\u00e9s est reconnu comme leader dans la planification, la conception, le suivi \u00e9nerg\u00e9tique et le contr\u00f4le de la maintenance technique des R\u00e9seaux de Chauffage Urbain en Belgique. Le PNEC (Plan [&hellip;]","og_url":"https:\/\/www.deplasse.com\/nl\/services\/infrastructures\/","og_site_name":"Deplasse &amp; Associ\u00e9s","article_modified_time":"2020-03-26T08:01:45+00:00","twitter_card":"summary_large_image","twitter_misc":{"Geschatte leestijd":"1 minuut"},"schema":{"@context":"https:\/\/schema.org","@graph":[{"@type":"WebPage","@id":"https:\/\/www.deplasse.com\/services\/infrastructures\/","url":"https:\/\/www.deplasse.com\/services\/infrastructures\/","name":"Infrastructures - Deplasse &amp; Associ\u00e9s","isPartOf":{"@id":"https:\/\/www.deplasse.com\/#website"},"datePublished":"2019-12-19T08:59:04+00:00","dateModified":"2020-03-26T08:01:45+00:00","breadcrumb":{"@id":"https:\/\/www.deplasse.com\/services\/infrastructures\/#breadcrumb"},"inLanguage":"nl-BE","potentialAction":[{"@type":"ReadAction","target":["https:\/\/www.deplasse.com\/services\/infrastructures\/"]}]},{"@type":"BreadcrumbList","@id":"https:\/\/www.deplasse.com\/services\/infrastructures\/#breadcrumb","itemListElement":[{"@type":"ListItem","position":1,"name":"Home","item":"https:\/\/www.deplasse.com\/"},{"@type":"ListItem","position":2,"name":"Services","item":"https:\/\/www.deplasse.com\/services\/"},{"@type":"ListItem","position":3,"name":"Infrastructures"}]},{"@type":"WebSite","@id":"https:\/\/www.deplasse.com\/#website","url":"https:\/\/www.deplasse.com\/","name":"Deplasse &amp; Associates","description":"Bureau van deskundigen","publisher":{"@id":"https:\/\/www.deplasse.com\/#organization"},"potentialAction":[{"@type":"SearchAction","target":{"@type":"EntryPoint","urlTemplate":"https:\/\/www.deplasse.com\/?s={search_term_string}"},"query-input":{"@type":"PropertyValueSpecification","valueRequired":true,"valueName":"search_term_string"}}],"inLanguage":"nl-BE"},{"@type":"Organization","@id":"https:\/\/www.deplasse.com\/#organization","name":"Deplasse &amp; Associates","url":"https:\/\/www.deplasse.com\/","logo":{"@type":"ImageObject","inLanguage":"nl-BE","@id":"https:\/\/www.deplasse.com\/#\/schema\/logo\/image\/","url":"https:\/\/www.deplasse.com\/wp-content\/uploads\/2020\/03\/logo_be.jpg","contentUrl":"https:\/\/www.deplasse.com\/wp-content\/uploads\/2020\/03\/logo_be.jpg","width":274,"height":167,"caption":"Deplasse & Associ\u00e9s"},"image":{"@id":"https:\/\/www.deplasse.com\/#\/schema\/logo\/image\/"}}]}},"wps_subtitle":"","_links":{"self":[{"href":"https:\/\/www.deplasse.com\/nl\/wp-json\/wp\/v2\/pages\/250","targetHints":{"allow":["GET"]}}],"collection":[{"href":"https:\/\/www.deplasse.com\/nl\/wp-json\/wp\/v2\/pages"}],"about":[{"href":"https:\/\/www.deplasse.com\/nl\/wp-json\/wp\/v2\/types\/page"}],"author":[{"embeddable":true,"href":"https:\/\/www.deplasse.com\/nl\/wp-json\/wp\/v2\/users\/1"}],"replies":[{"embeddable":true,"href":"https:\/\/www.deplasse.com\/nl\/wp-json\/wp\/v2\/comments?post=250"}],"version-history":[{"count":8,"href":"https:\/\/www.deplasse.com\/nl\/wp-json\/wp\/v2\/pages\/250\/revisions"}],"predecessor-version":[{"id":867,"href":"https:\/\/www.deplasse.com\/nl\/wp-json\/wp\/v2\/pages\/250\/revisions\/867"}],"up":[{"embeddable":true,"href":"https:\/\/www.deplasse.com\/nl\/wp-json\/wp\/v2\/pages\/76"}],"wp:attachment":[{"href":"https:\/\/www.deplasse.com\/nl\/wp-json\/wp\/v2\/media?parent=250"}],"curies":[{"name":"wp","href":"https:\/\/api.w.org\/{rel}","templated":true}]}}