{"id":252,"date":"2019-12-19T09:59:49","date_gmt":"2019-12-19T08:59:49","guid":{"rendered":"http:\/\/deplasse.mds-preview.ovh\/?page_id=252"},"modified":"2022-05-12T15:50:40","modified_gmt":"2022-05-12T14:50:40","slug":"logement-collectif","status":"publish","type":"page","link":"https:\/\/www.deplasse.com\/nl\/services\/logement-collectif\/","title":{"rendered":"Collectieve huisvesting"},"content":{"rendered":"<p>Het beroep van curator is ongetwijfeld een van de meest gecompliceerde die er is. Het verzoenen van de belangen van eigenaren en huurders, het leiden van algemene vergaderingen, dagelijkse klachten zijn al uitdagingen op zich. Technische en regelgevende ontwikkelingen maken dit beroep echter nog ingewikkelder.<\/p>\n\n\n\n<p>Aangezien <strong>bevoorrechte partner van de mede-eigendom<\/strong> vertegenwoordigd door de curator, zullen wij u op de hoogte houden van deze ontwikkelingen en <strong>ondersteuning om het wagenpark dat u beheert te ontwikkelen op het gebied van energieprestaties en veiligheid<\/strong>. Door onze dagelijkse aanwezigheid aan uw zijde kunnen wij u een <strong>aangepaste reactie<\/strong> naar jouw werkelijkheid.<\/p>\n\n\n\n<p>Wij <strong>objectiveer de technische en comfortproblemen<\/strong> om uw onderhoudsbedrijf te ondersteunen bij het gezamenlijk oplossen van comfortproblemen. Wij ondersteunen u in uw <strong>verbouwingen van stookruimtes<\/strong>, oprichting van <strong>warmtekrachtkoppeling<\/strong> of <strong>renovatie van collectieve schoorstenen<\/strong>. Ook staan wij u bij in uw reglementaire procedures, zoals <strong>naleving van brand<\/strong> of zelfs de <strong>verlenging van uw omgevingsvergunning<\/strong>.<\/p>","protected":false},"excerpt":{"rendered":"<p>Het beroep van curator is ongetwijfeld een van de meest gecompliceerde die er is. Het verzoenen van de belangen van eigenaren en huurders, het leiden van algemene vergaderingen, dagelijkse klachten zijn al uitdagingen op zich. Technische en regelgevende ontwikkelingen maken dit beroep echter nog ingewikkelder. Als geprivilegieerde vennoot van de mede-eigendom vertegenwoordigde [\u2026]<\/p>","protected":false},"author":1,"featured_media":0,"parent":76,"menu_order":0,"comment_status":"closed","ping_status":"closed","template":"one-service.php","meta":{"_acf_changed":false,"_editorskit_title_hidden":false,"_editorskit_reading_time":1,"_editorskit_is_block_options_detached":false,"_editorskit_block_options_position":"{}","footnotes":""},"class_list":["post-252","page","type-page","status-publish","hentry"],"acf":[],"yoast_head":"<!-- This site is optimized with the Yoast SEO plugin v27.6 - https:\/\/yoast.com\/product\/yoast-seo-wordpress\/ -->\n<title>Logements collectifs - Deplasse &amp; Associ\u00e9s<\/title>\n<meta name=\"robots\" content=\"index, follow, max-snippet:-1, max-image-preview:large, max-video-preview:-1\" \/>\n<link rel=\"canonical\" href=\"https:\/\/www.deplasse.com\/nl\/services\/logement-collectif\/\" \/>\n<meta property=\"og:locale\" content=\"nl_BE\" \/>\n<meta property=\"og:type\" content=\"article\" \/>\n<meta property=\"og:title\" content=\"Logements collectifs - Deplasse &amp; Associ\u00e9s\" \/>\n<meta property=\"og:description\" content=\"Le m\u00e9tier de syndic est sans doute l&rsquo;un des plus compliqu\u00e9 qu&rsquo;il soit. Concilier les int\u00e9r\u00eats des propri\u00e9taires et des locataires, g\u00e9rer les assembl\u00e9es g\u00e9n\u00e9rales, les plaintes du quotidien sont d\u00e9j\u00e0 des challenges en soit. Pourtant, les \u00e9volutions techniques et r\u00e8glementaires viennent encore compliquer ce m\u00e9tier. En tant que partenaire privil\u00e9gi\u00e9 de la copropri\u00e9t\u00e9 repr\u00e9sent\u00e9e [&hellip;]\" \/>\n<meta property=\"og:url\" content=\"https:\/\/www.deplasse.com\/nl\/services\/logement-collectif\/\" \/>\n<meta property=\"og:site_name\" content=\"Deplasse &amp; Associ\u00e9s\" \/>\n<meta property=\"article:modified_time\" content=\"2022-05-12T14:50:40+00:00\" \/>\n<meta name=\"twitter:card\" content=\"summary_large_image\" \/>\n<meta name=\"twitter:label1\" content=\"Geschatte leestijd\" \/>\n\t<meta name=\"twitter:data1\" content=\"1 minuut\" \/>\n<script type=\"application\/ld+json\" class=\"yoast-schema-graph\">{\"@context\":\"https:\\\/\\\/schema.org\",\"@graph\":[{\"@type\":\"WebPage\",\"@id\":\"https:\\\/\\\/www.deplasse.com\\\/services\\\/logement-collectif\\\/\",\"url\":\"https:\\\/\\\/www.deplasse.com\\\/services\\\/logement-collectif\\\/\",\"name\":\"Logements collectifs - Deplasse &amp; Associ\u00e9s\",\"isPartOf\":{\"@id\":\"https:\\\/\\\/www.deplasse.com\\\/#website\"},\"datePublished\":\"2019-12-19T08:59:49+00:00\",\"dateModified\":\"2022-05-12T14:50:40+00:00\",\"breadcrumb\":{\"@id\":\"https:\\\/\\\/www.deplasse.com\\\/services\\\/logement-collectif\\\/#breadcrumb\"},\"inLanguage\":\"nl-BE\",\"potentialAction\":[{\"@type\":\"ReadAction\",\"target\":[\"https:\\\/\\\/www.deplasse.com\\\/services\\\/logement-collectif\\\/\"]}]},{\"@type\":\"BreadcrumbList\",\"@id\":\"https:\\\/\\\/www.deplasse.com\\\/services\\\/logement-collectif\\\/#breadcrumb\",\"itemListElement\":[{\"@type\":\"ListItem\",\"position\":1,\"name\":\"Home\",\"item\":\"https:\\\/\\\/www.deplasse.com\\\/\"},{\"@type\":\"ListItem\",\"position\":2,\"name\":\"Services\",\"item\":\"https:\\\/\\\/www.deplasse.com\\\/services\\\/\"},{\"@type\":\"ListItem\",\"position\":3,\"name\":\"Logements collectifs\"}]},{\"@type\":\"WebSite\",\"@id\":\"https:\\\/\\\/www.deplasse.com\\\/#website\",\"url\":\"https:\\\/\\\/www.deplasse.com\\\/\",\"name\":\"Deplasse &amp; Associ\u00e9s\",\"description\":\"Bureau d&#039;experts\",\"publisher\":{\"@id\":\"https:\\\/\\\/www.deplasse.com\\\/#organization\"},\"potentialAction\":[{\"@type\":\"SearchAction\",\"target\":{\"@type\":\"EntryPoint\",\"urlTemplate\":\"https:\\\/\\\/www.deplasse.com\\\/?s={search_term_string}\"},\"query-input\":{\"@type\":\"PropertyValueSpecification\",\"valueRequired\":true,\"valueName\":\"search_term_string\"}}],\"inLanguage\":\"nl-BE\"},{\"@type\":\"Organization\",\"@id\":\"https:\\\/\\\/www.deplasse.com\\\/#organization\",\"name\":\"Deplasse & Associ\u00e9s\",\"url\":\"https:\\\/\\\/www.deplasse.com\\\/\",\"logo\":{\"@type\":\"ImageObject\",\"inLanguage\":\"nl-BE\",\"@id\":\"https:\\\/\\\/www.deplasse.com\\\/#\\\/schema\\\/logo\\\/image\\\/\",\"url\":\"https:\\\/\\\/www.deplasse.com\\\/wp-content\\\/uploads\\\/2020\\\/03\\\/logo_be.jpg\",\"contentUrl\":\"https:\\\/\\\/www.deplasse.com\\\/wp-content\\\/uploads\\\/2020\\\/03\\\/logo_be.jpg\",\"width\":274,\"height\":167,\"caption\":\"Deplasse & Associ\u00e9s\"},\"image\":{\"@id\":\"https:\\\/\\\/www.deplasse.com\\\/#\\\/schema\\\/logo\\\/image\\\/\"}}]}<\/script>\n<!-- \/ Yoast SEO plugin. -->","yoast_head_json":{"title":"Logements collectifs - Deplasse &amp; Associ\u00e9s","robots":{"index":"index","follow":"follow","max-snippet":"max-snippet:-1","max-image-preview":"max-image-preview:large","max-video-preview":"max-video-preview:-1"},"canonical":"https:\/\/www.deplasse.com\/nl\/services\/logement-collectif\/","og_locale":"nl_BE","og_type":"article","og_title":"Logements collectifs - Deplasse &amp; Associ\u00e9s","og_description":"Le m\u00e9tier de syndic est sans doute l&rsquo;un des plus compliqu\u00e9 qu&rsquo;il soit. Concilier les int\u00e9r\u00eats des propri\u00e9taires et des locataires, g\u00e9rer les assembl\u00e9es g\u00e9n\u00e9rales, les plaintes du quotidien sont d\u00e9j\u00e0 des challenges en soit. Pourtant, les \u00e9volutions techniques et r\u00e8glementaires viennent encore compliquer ce m\u00e9tier. En tant que partenaire privil\u00e9gi\u00e9 de la copropri\u00e9t\u00e9 repr\u00e9sent\u00e9e [&hellip;]","og_url":"https:\/\/www.deplasse.com\/nl\/services\/logement-collectif\/","og_site_name":"Deplasse &amp; Associ\u00e9s","article_modified_time":"2022-05-12T14:50:40+00:00","twitter_card":"summary_large_image","twitter_misc":{"Geschatte leestijd":"1 minuut"},"schema":{"@context":"https:\/\/schema.org","@graph":[{"@type":"WebPage","@id":"https:\/\/www.deplasse.com\/services\/logement-collectif\/","url":"https:\/\/www.deplasse.com\/services\/logement-collectif\/","name":"Logements collectifs - Deplasse &amp; Associ\u00e9s","isPartOf":{"@id":"https:\/\/www.deplasse.com\/#website"},"datePublished":"2019-12-19T08:59:49+00:00","dateModified":"2022-05-12T14:50:40+00:00","breadcrumb":{"@id":"https:\/\/www.deplasse.com\/services\/logement-collectif\/#breadcrumb"},"inLanguage":"nl-BE","potentialAction":[{"@type":"ReadAction","target":["https:\/\/www.deplasse.com\/services\/logement-collectif\/"]}]},{"@type":"BreadcrumbList","@id":"https:\/\/www.deplasse.com\/services\/logement-collectif\/#breadcrumb","itemListElement":[{"@type":"ListItem","position":1,"name":"Home","item":"https:\/\/www.deplasse.com\/"},{"@type":"ListItem","position":2,"name":"Services","item":"https:\/\/www.deplasse.com\/services\/"},{"@type":"ListItem","position":3,"name":"Logements collectifs"}]},{"@type":"WebSite","@id":"https:\/\/www.deplasse.com\/#website","url":"https:\/\/www.deplasse.com\/","name":"Deplasse &amp; Associates","description":"Bureau van deskundigen","publisher":{"@id":"https:\/\/www.deplasse.com\/#organization"},"potentialAction":[{"@type":"SearchAction","target":{"@type":"EntryPoint","urlTemplate":"https:\/\/www.deplasse.com\/?s={search_term_string}"},"query-input":{"@type":"PropertyValueSpecification","valueRequired":true,"valueName":"search_term_string"}}],"inLanguage":"nl-BE"},{"@type":"Organization","@id":"https:\/\/www.deplasse.com\/#organization","name":"Deplasse &amp; Associates","url":"https:\/\/www.deplasse.com\/","logo":{"@type":"ImageObject","inLanguage":"nl-BE","@id":"https:\/\/www.deplasse.com\/#\/schema\/logo\/image\/","url":"https:\/\/www.deplasse.com\/wp-content\/uploads\/2020\/03\/logo_be.jpg","contentUrl":"https:\/\/www.deplasse.com\/wp-content\/uploads\/2020\/03\/logo_be.jpg","width":274,"height":167,"caption":"Deplasse & Associ\u00e9s"},"image":{"@id":"https:\/\/www.deplasse.com\/#\/schema\/logo\/image\/"}}]}},"wps_subtitle":"","_links":{"self":[{"href":"https:\/\/www.deplasse.com\/nl\/wp-json\/wp\/v2\/pages\/252","targetHints":{"allow":["GET"]}}],"collection":[{"href":"https:\/\/www.deplasse.com\/nl\/wp-json\/wp\/v2\/pages"}],"about":[{"href":"https:\/\/www.deplasse.com\/nl\/wp-json\/wp\/v2\/types\/page"}],"author":[{"embeddable":true,"href":"https:\/\/www.deplasse.com\/nl\/wp-json\/wp\/v2\/users\/1"}],"replies":[{"embeddable":true,"href":"https:\/\/www.deplasse.com\/nl\/wp-json\/wp\/v2\/comments?post=252"}],"version-history":[{"count":9,"href":"https:\/\/www.deplasse.com\/nl\/wp-json\/wp\/v2\/pages\/252\/revisions"}],"predecessor-version":[{"id":1265,"href":"https:\/\/www.deplasse.com\/nl\/wp-json\/wp\/v2\/pages\/252\/revisions\/1265"}],"up":[{"embeddable":true,"href":"https:\/\/www.deplasse.com\/nl\/wp-json\/wp\/v2\/pages\/76"}],"wp:attachment":[{"href":"https:\/\/www.deplasse.com\/nl\/wp-json\/wp\/v2\/media?parent=252"}],"curies":[{"name":"wp","href":"https:\/\/api.w.org\/{rel}","templated":true}]}}