{"id":254,"date":"2019-12-19T10:00:12","date_gmt":"2019-12-19T09:00:12","guid":{"rendered":"http:\/\/deplasse.mds-preview.ovh\/?page_id=254"},"modified":"2020-03-19T16:09:13","modified_gmt":"2020-03-19T15:09:13","slug":"sante-publique","status":"publish","type":"page","link":"https:\/\/www.deplasse.com\/nl\/services\/sante-publique\/","title":{"rendered":"Gezondheid"},"content":{"rendered":"<p>In Belgi\u00eb eindigde het jaar 2019 in het rood voor 45 %-zorginstellingen. De uitdagingen voor de toekomst zijn echter groot op het gebied van veiligheid en volksgezondheid, met daarnaast druk op de energieprestatie op initiatief van de Europese wetgever.<\/p>\n\n\n\n<p><strong>Audit onderhoud en energie<\/strong> zijn een manier om de technische uitdagingen te integreren in een masterplan, wat ook concrete besparingen zal opleveren en de installaties betrouwbaarder zal maken. De opwarming van de aarde impliceert ook de noodzaak om te innoveren om, in extreme omstandigheden, de activiteit van het ziekenhuiscentrum te garanderen dankzij een <strong>&quot;hittegolf&quot; plan<\/strong> of een <strong>lastenverzwaringsplan<\/strong>.<\/p>\n\n\n\n<p>Gezondheidszorg en huisvestingsinfrastructuur voor ouderen hebben een zeer aanzienlijk energiebesparingspotentieel en zijn ook zeer bevorderlijk voor <strong>installatie voor de productie van hernieuwbare energie<\/strong> (warmtekrachtkoppeling en zonne-energie). We steunen je <strong>van de haalbaarheidsstudie tot de opvolging van de installaties in de exploitatiefase om de resultaten te bereiken die we aankondigen<\/strong>.  <\/p>\n\n\n\n<p><\/p>","protected":false},"excerpt":{"rendered":"<p>In Belgi\u00eb eindigde het jaar 2019 in het rood voor 45 %-zorginstellingen. De uitdagingen voor de toekomst zijn echter groot op het gebied van veiligheid en volksgezondheid, met daarnaast druk op de energieprestatie op initiatief van de Europese wetgever. Het auditen van onderhoud en energie is een manier om te integreren in een [\u2026]<\/p>","protected":false},"author":1,"featured_media":0,"parent":76,"menu_order":0,"comment_status":"closed","ping_status":"closed","template":"one-service.php","meta":{"_acf_changed":false,"_editorskit_title_hidden":false,"_editorskit_reading_time":1,"_editorskit_is_block_options_detached":false,"_editorskit_block_options_position":"{}","footnotes":""},"class_list":["post-254","page","type-page","status-publish","hentry"],"acf":[],"yoast_head":"<!-- This site is optimized with the Yoast SEO plugin v27.6 - https:\/\/yoast.com\/product\/yoast-seo-wordpress\/ -->\n<title>Sant\u00e9 - Deplasse &amp; Associ\u00e9s<\/title>\n<meta name=\"robots\" content=\"index, follow, max-snippet:-1, max-image-preview:large, max-video-preview:-1\" \/>\n<link rel=\"canonical\" href=\"https:\/\/www.deplasse.com\/nl\/services\/sante-publique\/\" \/>\n<meta property=\"og:locale\" content=\"nl_BE\" \/>\n<meta property=\"og:type\" content=\"article\" \/>\n<meta property=\"og:title\" content=\"Sant\u00e9 - Deplasse &amp; Associ\u00e9s\" \/>\n<meta property=\"og:description\" content=\"En Belgique, l&rsquo;ann\u00e9e 2019 se cl\u00f4ture dans le rouge pour 45 % des \u00e9tablissements de sant\u00e9. Les challenges d&rsquo;avenir sont pourtant grands en termes de s\u00e9curit\u00e9 et de sant\u00e9 publique avec en outre une pression sur la performance \u00e9nerg\u00e9tique \u00e0 l&rsquo;initiative du l\u00e9gislateur europ\u00e9en. Auditer la maintenance et l&rsquo;\u00e9nergie sont une mani\u00e8re d&rsquo;int\u00e9grer dans un [&hellip;]\" \/>\n<meta property=\"og:url\" content=\"https:\/\/www.deplasse.com\/nl\/services\/sante-publique\/\" \/>\n<meta property=\"og:site_name\" content=\"Deplasse &amp; Associ\u00e9s\" \/>\n<meta property=\"article:modified_time\" content=\"2020-03-19T15:09:13+00:00\" \/>\n<meta name=\"twitter:card\" content=\"summary_large_image\" \/>\n<meta name=\"twitter:label1\" content=\"Geschatte leestijd\" \/>\n\t<meta name=\"twitter:data1\" content=\"1 minuut\" \/>\n<script type=\"application\/ld+json\" class=\"yoast-schema-graph\">{\"@context\":\"https:\\\/\\\/schema.org\",\"@graph\":[{\"@type\":\"WebPage\",\"@id\":\"https:\\\/\\\/www.deplasse.com\\\/services\\\/sante-publique\\\/\",\"url\":\"https:\\\/\\\/www.deplasse.com\\\/services\\\/sante-publique\\\/\",\"name\":\"Sant\u00e9 - Deplasse &amp; Associ\u00e9s\",\"isPartOf\":{\"@id\":\"https:\\\/\\\/www.deplasse.com\\\/#website\"},\"datePublished\":\"2019-12-19T09:00:12+00:00\",\"dateModified\":\"2020-03-19T15:09:13+00:00\",\"breadcrumb\":{\"@id\":\"https:\\\/\\\/www.deplasse.com\\\/services\\\/sante-publique\\\/#breadcrumb\"},\"inLanguage\":\"nl-BE\",\"potentialAction\":[{\"@type\":\"ReadAction\",\"target\":[\"https:\\\/\\\/www.deplasse.com\\\/services\\\/sante-publique\\\/\"]}]},{\"@type\":\"BreadcrumbList\",\"@id\":\"https:\\\/\\\/www.deplasse.com\\\/services\\\/sante-publique\\\/#breadcrumb\",\"itemListElement\":[{\"@type\":\"ListItem\",\"position\":1,\"name\":\"Home\",\"item\":\"https:\\\/\\\/www.deplasse.com\\\/\"},{\"@type\":\"ListItem\",\"position\":2,\"name\":\"Services\",\"item\":\"https:\\\/\\\/www.deplasse.com\\\/services\\\/\"},{\"@type\":\"ListItem\",\"position\":3,\"name\":\"Sant\u00e9\"}]},{\"@type\":\"WebSite\",\"@id\":\"https:\\\/\\\/www.deplasse.com\\\/#website\",\"url\":\"https:\\\/\\\/www.deplasse.com\\\/\",\"name\":\"Deplasse &amp; Associ\u00e9s\",\"description\":\"Bureau d&#039;experts\",\"publisher\":{\"@id\":\"https:\\\/\\\/www.deplasse.com\\\/#organization\"},\"potentialAction\":[{\"@type\":\"SearchAction\",\"target\":{\"@type\":\"EntryPoint\",\"urlTemplate\":\"https:\\\/\\\/www.deplasse.com\\\/?s={search_term_string}\"},\"query-input\":{\"@type\":\"PropertyValueSpecification\",\"valueRequired\":true,\"valueName\":\"search_term_string\"}}],\"inLanguage\":\"nl-BE\"},{\"@type\":\"Organization\",\"@id\":\"https:\\\/\\\/www.deplasse.com\\\/#organization\",\"name\":\"Deplasse & Associ\u00e9s\",\"url\":\"https:\\\/\\\/www.deplasse.com\\\/\",\"logo\":{\"@type\":\"ImageObject\",\"inLanguage\":\"nl-BE\",\"@id\":\"https:\\\/\\\/www.deplasse.com\\\/#\\\/schema\\\/logo\\\/image\\\/\",\"url\":\"https:\\\/\\\/www.deplasse.com\\\/wp-content\\\/uploads\\\/2020\\\/03\\\/logo_be.jpg\",\"contentUrl\":\"https:\\\/\\\/www.deplasse.com\\\/wp-content\\\/uploads\\\/2020\\\/03\\\/logo_be.jpg\",\"width\":274,\"height\":167,\"caption\":\"Deplasse & Associ\u00e9s\"},\"image\":{\"@id\":\"https:\\\/\\\/www.deplasse.com\\\/#\\\/schema\\\/logo\\\/image\\\/\"}}]}<\/script>\n<!-- \/ Yoast SEO plugin. -->","yoast_head_json":{"title":"Sant\u00e9 - Deplasse &amp; Associ\u00e9s","robots":{"index":"index","follow":"follow","max-snippet":"max-snippet:-1","max-image-preview":"max-image-preview:large","max-video-preview":"max-video-preview:-1"},"canonical":"https:\/\/www.deplasse.com\/nl\/services\/sante-publique\/","og_locale":"nl_BE","og_type":"article","og_title":"Sant\u00e9 - Deplasse &amp; Associ\u00e9s","og_description":"En Belgique, l&rsquo;ann\u00e9e 2019 se cl\u00f4ture dans le rouge pour 45 % des \u00e9tablissements de sant\u00e9. Les challenges d&rsquo;avenir sont pourtant grands en termes de s\u00e9curit\u00e9 et de sant\u00e9 publique avec en outre une pression sur la performance \u00e9nerg\u00e9tique \u00e0 l&rsquo;initiative du l\u00e9gislateur europ\u00e9en. Auditer la maintenance et l&rsquo;\u00e9nergie sont une mani\u00e8re d&rsquo;int\u00e9grer dans un [&hellip;]","og_url":"https:\/\/www.deplasse.com\/nl\/services\/sante-publique\/","og_site_name":"Deplasse &amp; Associ\u00e9s","article_modified_time":"2020-03-19T15:09:13+00:00","twitter_card":"summary_large_image","twitter_misc":{"Geschatte leestijd":"1 minuut"},"schema":{"@context":"https:\/\/schema.org","@graph":[{"@type":"WebPage","@id":"https:\/\/www.deplasse.com\/services\/sante-publique\/","url":"https:\/\/www.deplasse.com\/services\/sante-publique\/","name":"Sant\u00e9 - Deplasse &amp; Associ\u00e9s","isPartOf":{"@id":"https:\/\/www.deplasse.com\/#website"},"datePublished":"2019-12-19T09:00:12+00:00","dateModified":"2020-03-19T15:09:13+00:00","breadcrumb":{"@id":"https:\/\/www.deplasse.com\/services\/sante-publique\/#breadcrumb"},"inLanguage":"nl-BE","potentialAction":[{"@type":"ReadAction","target":["https:\/\/www.deplasse.com\/services\/sante-publique\/"]}]},{"@type":"BreadcrumbList","@id":"https:\/\/www.deplasse.com\/services\/sante-publique\/#breadcrumb","itemListElement":[{"@type":"ListItem","position":1,"name":"Home","item":"https:\/\/www.deplasse.com\/"},{"@type":"ListItem","position":2,"name":"Services","item":"https:\/\/www.deplasse.com\/services\/"},{"@type":"ListItem","position":3,"name":"Sant\u00e9"}]},{"@type":"WebSite","@id":"https:\/\/www.deplasse.com\/#website","url":"https:\/\/www.deplasse.com\/","name":"Deplasse &amp; Associates","description":"Bureau van deskundigen","publisher":{"@id":"https:\/\/www.deplasse.com\/#organization"},"potentialAction":[{"@type":"SearchAction","target":{"@type":"EntryPoint","urlTemplate":"https:\/\/www.deplasse.com\/?s={search_term_string}"},"query-input":{"@type":"PropertyValueSpecification","valueRequired":true,"valueName":"search_term_string"}}],"inLanguage":"nl-BE"},{"@type":"Organization","@id":"https:\/\/www.deplasse.com\/#organization","name":"Deplasse &amp; Associates","url":"https:\/\/www.deplasse.com\/","logo":{"@type":"ImageObject","inLanguage":"nl-BE","@id":"https:\/\/www.deplasse.com\/#\/schema\/logo\/image\/","url":"https:\/\/www.deplasse.com\/wp-content\/uploads\/2020\/03\/logo_be.jpg","contentUrl":"https:\/\/www.deplasse.com\/wp-content\/uploads\/2020\/03\/logo_be.jpg","width":274,"height":167,"caption":"Deplasse & Associ\u00e9s"},"image":{"@id":"https:\/\/www.deplasse.com\/#\/schema\/logo\/image\/"}}]}},"wps_subtitle":"","_links":{"self":[{"href":"https:\/\/www.deplasse.com\/nl\/wp-json\/wp\/v2\/pages\/254","targetHints":{"allow":["GET"]}}],"collection":[{"href":"https:\/\/www.deplasse.com\/nl\/wp-json\/wp\/v2\/pages"}],"about":[{"href":"https:\/\/www.deplasse.com\/nl\/wp-json\/wp\/v2\/types\/page"}],"author":[{"embeddable":true,"href":"https:\/\/www.deplasse.com\/nl\/wp-json\/wp\/v2\/users\/1"}],"replies":[{"embeddable":true,"href":"https:\/\/www.deplasse.com\/nl\/wp-json\/wp\/v2\/comments?post=254"}],"version-history":[{"count":6,"href":"https:\/\/www.deplasse.com\/nl\/wp-json\/wp\/v2\/pages\/254\/revisions"}],"predecessor-version":[{"id":720,"href":"https:\/\/www.deplasse.com\/nl\/wp-json\/wp\/v2\/pages\/254\/revisions\/720"}],"up":[{"embeddable":true,"href":"https:\/\/www.deplasse.com\/nl\/wp-json\/wp\/v2\/pages\/76"}],"wp:attachment":[{"href":"https:\/\/www.deplasse.com\/nl\/wp-json\/wp\/v2\/media?parent=254"}],"curies":[{"name":"wp","href":"https:\/\/api.w.org\/{rel}","templated":true}]}}