{"id":256,"date":"2019-12-19T10:12:30","date_gmt":"2019-12-19T09:12:30","guid":{"rendered":"http:\/\/deplasse.mds-preview.ovh\/?page_id=256"},"modified":"2020-03-19T16:13:00","modified_gmt":"2020-03-19T15:13:00","slug":"secteur-hotelier","status":"publish","type":"page","link":"https:\/\/www.deplasse.com\/nl\/services\/secteur-hotelier\/","title":{"rendered":"Hotels"},"content":{"rendered":"<p>De hotelsector is een sector in volle ontwikkeling die onderhevig is aan sterke concurrentie, met name van spelers in de deeleconomie. De klantervaring is een essentieel onderdeel van het succes van het commerci\u00eble aanbod, net als <strong>goede beheersing van de exploitatiekosten<\/strong>.<\/p>\n\n\n\n<p>Deze kostendruk leidt soms tot snelle achteruitgang van technische installaties door gebrek aan onderhoud. Indien correct ingelijst, a <strong>goede technische werking<\/strong> kan een zijn <strong>bron van aanzienlijke besparingen<\/strong> en een garantie van <strong>gemak voor de klant<\/strong>. Dus een <strong>proactieve monitoring van het energieverbruik<\/strong> of de oprichting van <strong>warmtekrachtkoppeling<\/strong> stelde ons in staat om meer dan te bereiken <strong>25 % besparing<\/strong> op bepaalde sites met de mogelijkheid om het risico uit te besteden op CAPEX op Full Guarantee-contracten, inclusief energieprestatie- en comfortverplichtingen, zodat onze klanten zich kunnen concentreren op hun kernactiviteiten.<\/p>\n\n\n\n<p>Het regelgevingskader met betrekking tot veiligheid stelt steeds hogere eisen aan inrichtingen die open zijn voor het publiek. Wij kunnen je helpen <strong>ondersteuning bij het bewaken van deze procedures<\/strong> en de uitvoering van<strong> plannen ter verbetering van de veiligheid<\/strong> in overeenstemming met regionale en nationale normen en voorschriften.<\/p>\n\n\n\n<p><\/p>","protected":false},"excerpt":{"rendered":"<p>De hotelsector is een snel evoluerende sector die onderhevig is aan aanzienlijke concurrentie, vooral van spelers in de deeleconomie. De klantervaring is een essentieel onderdeel van het succes van het commerci\u00eble aanbod, evenals een goede beheersing van de bedrijfskosten. Deze druk op de kosten leidt soms tot een snelle achteruitgang van technische installaties door een tekort [\u2026]<\/p>","protected":false},"author":1,"featured_media":0,"parent":76,"menu_order":0,"comment_status":"closed","ping_status":"closed","template":"one-service.php","meta":{"_acf_changed":false,"_editorskit_title_hidden":false,"_editorskit_reading_time":1,"_editorskit_is_block_options_detached":false,"_editorskit_block_options_position":"{}","footnotes":""},"class_list":["post-256","page","type-page","status-publish","hentry"],"acf":[],"yoast_head":"<!-- This site is optimized with the Yoast SEO plugin v27.5 - https:\/\/yoast.com\/product\/yoast-seo-wordpress\/ -->\n<title>H\u00f4tels - Deplasse &amp; Associ\u00e9s<\/title>\n<meta name=\"robots\" content=\"index, follow, max-snippet:-1, max-image-preview:large, max-video-preview:-1\" \/>\n<link rel=\"canonical\" href=\"https:\/\/www.deplasse.com\/nl\/services\/secteur-hotelier\/\" \/>\n<meta property=\"og:locale\" content=\"nl_BE\" \/>\n<meta property=\"og:type\" content=\"article\" \/>\n<meta property=\"og:title\" content=\"H\u00f4tels - Deplasse &amp; Associ\u00e9s\" \/>\n<meta property=\"og:description\" content=\"Le secteur h\u00f4telier est un secteur en pleine \u00e9volution qui subit une concurrence importante notamment des acteurs de l&rsquo;\u00e9conomie collaborative. L&rsquo;exp\u00e9rience client est un \u00e9l\u00e9ment essentiel du succ\u00e8s de l&rsquo;offre commerciale tout comme une bonne ma\u00eetrise des co\u00fbts d&rsquo;exploitation. Cette pression sur les co\u00fbts engendre parfois une d\u00e9gradation rapide des installations techniques par un d\u00e9ficit [&hellip;]\" \/>\n<meta property=\"og:url\" content=\"https:\/\/www.deplasse.com\/nl\/services\/secteur-hotelier\/\" \/>\n<meta property=\"og:site_name\" content=\"Deplasse &amp; Associ\u00e9s\" \/>\n<meta property=\"article:modified_time\" content=\"2020-03-19T15:13:00+00:00\" \/>\n<meta name=\"twitter:card\" content=\"summary_large_image\" \/>\n<meta name=\"twitter:label1\" content=\"Geschatte leestijd\" \/>\n\t<meta name=\"twitter:data1\" content=\"1 minuut\" \/>\n<script type=\"application\/ld+json\" class=\"yoast-schema-graph\">{\"@context\":\"https:\\\/\\\/schema.org\",\"@graph\":[{\"@type\":\"WebPage\",\"@id\":\"https:\\\/\\\/www.deplasse.com\\\/services\\\/secteur-hotelier\\\/\",\"url\":\"https:\\\/\\\/www.deplasse.com\\\/services\\\/secteur-hotelier\\\/\",\"name\":\"H\u00f4tels - Deplasse &amp; Associ\u00e9s\",\"isPartOf\":{\"@id\":\"https:\\\/\\\/www.deplasse.com\\\/#website\"},\"datePublished\":\"2019-12-19T09:12:30+00:00\",\"dateModified\":\"2020-03-19T15:13:00+00:00\",\"breadcrumb\":{\"@id\":\"https:\\\/\\\/www.deplasse.com\\\/services\\\/secteur-hotelier\\\/#breadcrumb\"},\"inLanguage\":\"nl-BE\",\"potentialAction\":[{\"@type\":\"ReadAction\",\"target\":[\"https:\\\/\\\/www.deplasse.com\\\/services\\\/secteur-hotelier\\\/\"]}]},{\"@type\":\"BreadcrumbList\",\"@id\":\"https:\\\/\\\/www.deplasse.com\\\/services\\\/secteur-hotelier\\\/#breadcrumb\",\"itemListElement\":[{\"@type\":\"ListItem\",\"position\":1,\"name\":\"Home\",\"item\":\"https:\\\/\\\/www.deplasse.com\\\/\"},{\"@type\":\"ListItem\",\"position\":2,\"name\":\"Services\",\"item\":\"https:\\\/\\\/www.deplasse.com\\\/services\\\/\"},{\"@type\":\"ListItem\",\"position\":3,\"name\":\"H\u00f4tels\"}]},{\"@type\":\"WebSite\",\"@id\":\"https:\\\/\\\/www.deplasse.com\\\/#website\",\"url\":\"https:\\\/\\\/www.deplasse.com\\\/\",\"name\":\"Deplasse &amp; Associ\u00e9s\",\"description\":\"Bureau d&#039;experts\",\"publisher\":{\"@id\":\"https:\\\/\\\/www.deplasse.com\\\/#organization\"},\"potentialAction\":[{\"@type\":\"SearchAction\",\"target\":{\"@type\":\"EntryPoint\",\"urlTemplate\":\"https:\\\/\\\/www.deplasse.com\\\/?s={search_term_string}\"},\"query-input\":{\"@type\":\"PropertyValueSpecification\",\"valueRequired\":true,\"valueName\":\"search_term_string\"}}],\"inLanguage\":\"nl-BE\"},{\"@type\":\"Organization\",\"@id\":\"https:\\\/\\\/www.deplasse.com\\\/#organization\",\"name\":\"Deplasse & Associ\u00e9s\",\"url\":\"https:\\\/\\\/www.deplasse.com\\\/\",\"logo\":{\"@type\":\"ImageObject\",\"inLanguage\":\"nl-BE\",\"@id\":\"https:\\\/\\\/www.deplasse.com\\\/#\\\/schema\\\/logo\\\/image\\\/\",\"url\":\"https:\\\/\\\/www.deplasse.com\\\/wp-content\\\/uploads\\\/2020\\\/03\\\/logo_be.jpg\",\"contentUrl\":\"https:\\\/\\\/www.deplasse.com\\\/wp-content\\\/uploads\\\/2020\\\/03\\\/logo_be.jpg\",\"width\":274,\"height\":167,\"caption\":\"Deplasse & Associ\u00e9s\"},\"image\":{\"@id\":\"https:\\\/\\\/www.deplasse.com\\\/#\\\/schema\\\/logo\\\/image\\\/\"}}]}<\/script>\n<!-- \/ Yoast SEO plugin. -->","yoast_head_json":{"title":"H\u00f4tels - Deplasse &amp; Associ\u00e9s","robots":{"index":"index","follow":"follow","max-snippet":"max-snippet:-1","max-image-preview":"max-image-preview:large","max-video-preview":"max-video-preview:-1"},"canonical":"https:\/\/www.deplasse.com\/nl\/services\/secteur-hotelier\/","og_locale":"nl_BE","og_type":"article","og_title":"H\u00f4tels - Deplasse &amp; Associ\u00e9s","og_description":"Le secteur h\u00f4telier est un secteur en pleine \u00e9volution qui subit une concurrence importante notamment des acteurs de l&rsquo;\u00e9conomie collaborative. L&rsquo;exp\u00e9rience client est un \u00e9l\u00e9ment essentiel du succ\u00e8s de l&rsquo;offre commerciale tout comme une bonne ma\u00eetrise des co\u00fbts d&rsquo;exploitation. Cette pression sur les co\u00fbts engendre parfois une d\u00e9gradation rapide des installations techniques par un d\u00e9ficit [&hellip;]","og_url":"https:\/\/www.deplasse.com\/nl\/services\/secteur-hotelier\/","og_site_name":"Deplasse &amp; Associ\u00e9s","article_modified_time":"2020-03-19T15:13:00+00:00","twitter_card":"summary_large_image","twitter_misc":{"Geschatte leestijd":"1 minuut"},"schema":{"@context":"https:\/\/schema.org","@graph":[{"@type":"WebPage","@id":"https:\/\/www.deplasse.com\/services\/secteur-hotelier\/","url":"https:\/\/www.deplasse.com\/services\/secteur-hotelier\/","name":"H\u00f4tels - Deplasse &amp; Associ\u00e9s","isPartOf":{"@id":"https:\/\/www.deplasse.com\/#website"},"datePublished":"2019-12-19T09:12:30+00:00","dateModified":"2020-03-19T15:13:00+00:00","breadcrumb":{"@id":"https:\/\/www.deplasse.com\/services\/secteur-hotelier\/#breadcrumb"},"inLanguage":"nl-BE","potentialAction":[{"@type":"ReadAction","target":["https:\/\/www.deplasse.com\/services\/secteur-hotelier\/"]}]},{"@type":"BreadcrumbList","@id":"https:\/\/www.deplasse.com\/services\/secteur-hotelier\/#breadcrumb","itemListElement":[{"@type":"ListItem","position":1,"name":"Home","item":"https:\/\/www.deplasse.com\/"},{"@type":"ListItem","position":2,"name":"Services","item":"https:\/\/www.deplasse.com\/services\/"},{"@type":"ListItem","position":3,"name":"H\u00f4tels"}]},{"@type":"WebSite","@id":"https:\/\/www.deplasse.com\/#website","url":"https:\/\/www.deplasse.com\/","name":"Deplasse &amp; Associates","description":"Bureau van deskundigen","publisher":{"@id":"https:\/\/www.deplasse.com\/#organization"},"potentialAction":[{"@type":"SearchAction","target":{"@type":"EntryPoint","urlTemplate":"https:\/\/www.deplasse.com\/?s={search_term_string}"},"query-input":{"@type":"PropertyValueSpecification","valueRequired":true,"valueName":"search_term_string"}}],"inLanguage":"nl-BE"},{"@type":"Organization","@id":"https:\/\/www.deplasse.com\/#organization","name":"Deplasse &amp; Associates","url":"https:\/\/www.deplasse.com\/","logo":{"@type":"ImageObject","inLanguage":"nl-BE","@id":"https:\/\/www.deplasse.com\/#\/schema\/logo\/image\/","url":"https:\/\/www.deplasse.com\/wp-content\/uploads\/2020\/03\/logo_be.jpg","contentUrl":"https:\/\/www.deplasse.com\/wp-content\/uploads\/2020\/03\/logo_be.jpg","width":274,"height":167,"caption":"Deplasse & Associ\u00e9s"},"image":{"@id":"https:\/\/www.deplasse.com\/#\/schema\/logo\/image\/"}}]}},"wps_subtitle":"","_links":{"self":[{"href":"https:\/\/www.deplasse.com\/nl\/wp-json\/wp\/v2\/pages\/256","targetHints":{"allow":["GET"]}}],"collection":[{"href":"https:\/\/www.deplasse.com\/nl\/wp-json\/wp\/v2\/pages"}],"about":[{"href":"https:\/\/www.deplasse.com\/nl\/wp-json\/wp\/v2\/types\/page"}],"author":[{"embeddable":true,"href":"https:\/\/www.deplasse.com\/nl\/wp-json\/wp\/v2\/users\/1"}],"replies":[{"embeddable":true,"href":"https:\/\/www.deplasse.com\/nl\/wp-json\/wp\/v2\/comments?post=256"}],"version-history":[{"count":6,"href":"https:\/\/www.deplasse.com\/nl\/wp-json\/wp\/v2\/pages\/256\/revisions"}],"predecessor-version":[{"id":721,"href":"https:\/\/www.deplasse.com\/nl\/wp-json\/wp\/v2\/pages\/256\/revisions\/721"}],"up":[{"embeddable":true,"href":"https:\/\/www.deplasse.com\/nl\/wp-json\/wp\/v2\/pages\/76"}],"wp:attachment":[{"href":"https:\/\/www.deplasse.com\/nl\/wp-json\/wp\/v2\/media?parent=256"}],"curies":[{"name":"wp","href":"https:\/\/api.w.org\/{rel}","templated":true}]}}