{"id":43,"date":"2019-12-04T15:20:55","date_gmt":"2019-12-04T14:20:55","guid":{"rendered":"http:\/\/deplasse.local\/?page_id=43"},"modified":"2022-10-26T15:28:35","modified_gmt":"2022-10-26T14:28:35","slug":"qui-somme-nous","status":"publish","type":"page","link":"https:\/\/www.deplasse.com\/nl\/qui-somme-nous\/","title":{"rendered":"Wie zijn we ?"},"content":{"rendered":"<p class=\"deplasse_2columns\">Onder impuls van Philippe Deplasse startte het kantoor Deplasse &amp; Associ\u00e9s op in Belgi\u00eb met als doel speciale technieken voor bestaande gebouwen te optimaliseren. In 2013 vormt de komst van Ga\u00ebtan Durvaux, verantwoordelijk voor de commerci\u00eble leiding van het bedrijf, het begin van een ge\u00efntegreerde aanpak ten dienste van de milieutransitie. De overname van Deplasse door Ga\u00ebtan Durvaux, St\u00e9phane Barbier en Thomas Deville in 2019 zal deze ge\u00efntegreerde aanpak accentueren en internationaal uitbreiden. In 2022 is de komst van S\u00e9bastien Yasse in de aandeelhoudersstructuur bedoeld om op een duurzame manier de strategische kwesties in verband met de milieutransitie te integreren. <\/p>","protected":false},"excerpt":{"rendered":"<p>Onder impuls van Philippe Deplasse schoot het kantoor Deplasse &amp; Associ\u00e9s wortel in Belgi\u00eb met als doel speciale technieken voor bestaande gebouwen te optimaliseren. In 2013 vormt de komst van Ga\u00ebtan Durvaux, belast met de commerci\u00eble leiding van het bedrijf, het begin van een ge\u00efntegreerde aanpak ten dienste van de milieutransitie. De overname van Deplasse door [\u2026]<\/p>","protected":false},"author":1,"featured_media":0,"parent":0,"menu_order":0,"comment_status":"closed","ping_status":"closed","template":"timeline.php","meta":{"_acf_changed":false,"_editorskit_title_hidden":false,"_editorskit_reading_time":1,"_editorskit_is_block_options_detached":false,"_editorskit_block_options_position":"{}","footnotes":""},"class_list":["post-43","page","type-page","status-publish","hentry"],"acf":[],"yoast_head":"<!-- This site is optimized with the Yoast SEO plugin v27.6 - https:\/\/yoast.com\/product\/yoast-seo-wordpress\/ -->\n<title>Qui sommes-nous ? - Deplasse &amp; Associ\u00e9s<\/title>\n<meta name=\"robots\" content=\"index, follow, max-snippet:-1, max-image-preview:large, max-video-preview:-1\" \/>\n<link rel=\"canonical\" href=\"https:\/\/www.deplasse.com\/nl\/qui-somme-nous\/\" \/>\n<meta property=\"og:locale\" content=\"nl_BE\" \/>\n<meta property=\"og:type\" content=\"article\" \/>\n<meta property=\"og:title\" content=\"Qui sommes-nous ? - Deplasse &amp; Associ\u00e9s\" \/>\n<meta property=\"og:description\" content=\"Le bureau Deplasse &amp; Associ\u00e9s a pris racine en Belgique sous l&rsquo;impulsion de Philippe Deplasse avec pour vocation l&rsquo;optimisation des techniques sp\u00e9ciales des b\u00e2timents existants. En 2013, l\u2019arriv\u00e9e de Ga\u00ebtan Durvaux en charge de la gestion commerciale de l\u2019entreprise constitue les pr\u00e9mices d&rsquo;une approche int\u00e9gr\u00e9e\u00a0au service de la transition environnementale. Le rachat de Deplasse par [&hellip;]\" \/>\n<meta property=\"og:url\" content=\"https:\/\/www.deplasse.com\/nl\/qui-somme-nous\/\" \/>\n<meta property=\"og:site_name\" content=\"Deplasse &amp; Associ\u00e9s\" \/>\n<meta property=\"article:modified_time\" content=\"2022-10-26T14:28:35+00:00\" \/>\n<meta name=\"twitter:card\" content=\"summary_large_image\" \/>\n<meta name=\"twitter:label1\" content=\"Geschatte leestijd\" \/>\n\t<meta name=\"twitter:data1\" content=\"1 minuut\" \/>\n<script type=\"application\/ld+json\" class=\"yoast-schema-graph\">{\"@context\":\"https:\\\/\\\/schema.org\",\"@graph\":[{\"@type\":\"WebPage\",\"@id\":\"https:\\\/\\\/www.deplasse.com\\\/qui-somme-nous\\\/\",\"url\":\"https:\\\/\\\/www.deplasse.com\\\/qui-somme-nous\\\/\",\"name\":\"Qui sommes-nous ? - Deplasse &amp; Associ\u00e9s\",\"isPartOf\":{\"@id\":\"https:\\\/\\\/www.deplasse.com\\\/#website\"},\"datePublished\":\"2019-12-04T14:20:55+00:00\",\"dateModified\":\"2022-10-26T14:28:35+00:00\",\"breadcrumb\":{\"@id\":\"https:\\\/\\\/www.deplasse.com\\\/qui-somme-nous\\\/#breadcrumb\"},\"inLanguage\":\"nl-BE\",\"potentialAction\":[{\"@type\":\"ReadAction\",\"target\":[\"https:\\\/\\\/www.deplasse.com\\\/qui-somme-nous\\\/\"]}]},{\"@type\":\"BreadcrumbList\",\"@id\":\"https:\\\/\\\/www.deplasse.com\\\/qui-somme-nous\\\/#breadcrumb\",\"itemListElement\":[{\"@type\":\"ListItem\",\"position\":1,\"name\":\"Home\",\"item\":\"https:\\\/\\\/www.deplasse.com\\\/\"},{\"@type\":\"ListItem\",\"position\":2,\"name\":\"Qui sommes-nous ?\"}]},{\"@type\":\"WebSite\",\"@id\":\"https:\\\/\\\/www.deplasse.com\\\/#website\",\"url\":\"https:\\\/\\\/www.deplasse.com\\\/\",\"name\":\"Deplasse &amp; Associ\u00e9s\",\"description\":\"Bureau d&#039;experts\",\"publisher\":{\"@id\":\"https:\\\/\\\/www.deplasse.com\\\/#organization\"},\"potentialAction\":[{\"@type\":\"SearchAction\",\"target\":{\"@type\":\"EntryPoint\",\"urlTemplate\":\"https:\\\/\\\/www.deplasse.com\\\/?s={search_term_string}\"},\"query-input\":{\"@type\":\"PropertyValueSpecification\",\"valueRequired\":true,\"valueName\":\"search_term_string\"}}],\"inLanguage\":\"nl-BE\"},{\"@type\":\"Organization\",\"@id\":\"https:\\\/\\\/www.deplasse.com\\\/#organization\",\"name\":\"Deplasse & Associ\u00e9s\",\"url\":\"https:\\\/\\\/www.deplasse.com\\\/\",\"logo\":{\"@type\":\"ImageObject\",\"inLanguage\":\"nl-BE\",\"@id\":\"https:\\\/\\\/www.deplasse.com\\\/#\\\/schema\\\/logo\\\/image\\\/\",\"url\":\"https:\\\/\\\/www.deplasse.com\\\/wp-content\\\/uploads\\\/2020\\\/03\\\/logo_be.jpg\",\"contentUrl\":\"https:\\\/\\\/www.deplasse.com\\\/wp-content\\\/uploads\\\/2020\\\/03\\\/logo_be.jpg\",\"width\":274,\"height\":167,\"caption\":\"Deplasse & Associ\u00e9s\"},\"image\":{\"@id\":\"https:\\\/\\\/www.deplasse.com\\\/#\\\/schema\\\/logo\\\/image\\\/\"}}]}<\/script>\n<!-- \/ Yoast SEO plugin. -->","yoast_head_json":{"title":"Wie zijn wij? - Deplasse &amp; Associates","robots":{"index":"index","follow":"follow","max-snippet":"max-snippet:-1","max-image-preview":"max-image-preview:large","max-video-preview":"max-video-preview:-1"},"canonical":"https:\/\/www.deplasse.com\/nl\/qui-somme-nous\/","og_locale":"nl_BE","og_type":"article","og_title":"Qui sommes-nous ? - Deplasse &amp; Associ\u00e9s","og_description":"Le bureau Deplasse &amp; Associ\u00e9s a pris racine en Belgique sous l&rsquo;impulsion de Philippe Deplasse avec pour vocation l&rsquo;optimisation des techniques sp\u00e9ciales des b\u00e2timents existants. En 2013, l\u2019arriv\u00e9e de Ga\u00ebtan Durvaux en charge de la gestion commerciale de l\u2019entreprise constitue les pr\u00e9mices d&rsquo;une approche int\u00e9gr\u00e9e\u00a0au service de la transition environnementale. Le rachat de Deplasse par [&hellip;]","og_url":"https:\/\/www.deplasse.com\/nl\/qui-somme-nous\/","og_site_name":"Deplasse &amp; Associ\u00e9s","article_modified_time":"2022-10-26T14:28:35+00:00","twitter_card":"summary_large_image","twitter_misc":{"Geschatte leestijd":"1 minuut"},"schema":{"@context":"https:\/\/schema.org","@graph":[{"@type":"WebPage","@id":"https:\/\/www.deplasse.com\/qui-somme-nous\/","url":"https:\/\/www.deplasse.com\/qui-somme-nous\/","name":"Wie zijn wij? - Deplasse &amp; Associates","isPartOf":{"@id":"https:\/\/www.deplasse.com\/#website"},"datePublished":"2019-12-04T14:20:55+00:00","dateModified":"2022-10-26T14:28:35+00:00","breadcrumb":{"@id":"https:\/\/www.deplasse.com\/qui-somme-nous\/#breadcrumb"},"inLanguage":"nl-BE","potentialAction":[{"@type":"ReadAction","target":["https:\/\/www.deplasse.com\/qui-somme-nous\/"]}]},{"@type":"BreadcrumbList","@id":"https:\/\/www.deplasse.com\/qui-somme-nous\/#breadcrumb","itemListElement":[{"@type":"ListItem","position":1,"name":"Home","item":"https:\/\/www.deplasse.com\/"},{"@type":"ListItem","position":2,"name":"Qui sommes-nous ?"}]},{"@type":"WebSite","@id":"https:\/\/www.deplasse.com\/#website","url":"https:\/\/www.deplasse.com\/","name":"Deplasse &amp; Associates","description":"Bureau van deskundigen","publisher":{"@id":"https:\/\/www.deplasse.com\/#organization"},"potentialAction":[{"@type":"SearchAction","target":{"@type":"EntryPoint","urlTemplate":"https:\/\/www.deplasse.com\/?s={search_term_string}"},"query-input":{"@type":"PropertyValueSpecification","valueRequired":true,"valueName":"search_term_string"}}],"inLanguage":"nl-BE"},{"@type":"Organization","@id":"https:\/\/www.deplasse.com\/#organization","name":"Deplasse &amp; Associates","url":"https:\/\/www.deplasse.com\/","logo":{"@type":"ImageObject","inLanguage":"nl-BE","@id":"https:\/\/www.deplasse.com\/#\/schema\/logo\/image\/","url":"https:\/\/www.deplasse.com\/wp-content\/uploads\/2020\/03\/logo_be.jpg","contentUrl":"https:\/\/www.deplasse.com\/wp-content\/uploads\/2020\/03\/logo_be.jpg","width":274,"height":167,"caption":"Deplasse & Associ\u00e9s"},"image":{"@id":"https:\/\/www.deplasse.com\/#\/schema\/logo\/image\/"}}]}},"wps_subtitle":"","_links":{"self":[{"href":"https:\/\/www.deplasse.com\/nl\/wp-json\/wp\/v2\/pages\/43","targetHints":{"allow":["GET"]}}],"collection":[{"href":"https:\/\/www.deplasse.com\/nl\/wp-json\/wp\/v2\/pages"}],"about":[{"href":"https:\/\/www.deplasse.com\/nl\/wp-json\/wp\/v2\/types\/page"}],"author":[{"embeddable":true,"href":"https:\/\/www.deplasse.com\/nl\/wp-json\/wp\/v2\/users\/1"}],"replies":[{"embeddable":true,"href":"https:\/\/www.deplasse.com\/nl\/wp-json\/wp\/v2\/comments?post=43"}],"version-history":[{"count":15,"href":"https:\/\/www.deplasse.com\/nl\/wp-json\/wp\/v2\/pages\/43\/revisions"}],"predecessor-version":[{"id":1364,"href":"https:\/\/www.deplasse.com\/nl\/wp-json\/wp\/v2\/pages\/43\/revisions\/1364"}],"wp:attachment":[{"href":"https:\/\/www.deplasse.com\/nl\/wp-json\/wp\/v2\/media?parent=43"}],"curies":[{"name":"wp","href":"https:\/\/api.w.org\/{rel}","templated":true}]}}