{"id":60,"date":"2019-12-06T13:42:12","date_gmt":"2019-12-06T12:42:12","guid":{"rendered":"http:\/\/deplasse.local\/?page_id=60"},"modified":"2022-11-16T17:50:44","modified_gmt":"2022-11-16T16:50:44","slug":"deplasse-associes-building-engineering-energy","status":"publish","type":"page","link":"https:\/\/www.deplasse.com\/nl\/deplasse-associes-building-engineering-energy\/","title":{"rendered":"Welkom"},"content":{"rendered":"<p>Testen<\/p>","protected":false},"excerpt":{"rendered":"<p>Testen<\/p>","protected":false},"author":1,"featured_media":0,"parent":0,"menu_order":0,"comment_status":"closed","ping_status":"closed","template":"","meta":{"_acf_changed":false,"_editorskit_title_hidden":false,"_editorskit_reading_time":1,"_editorskit_is_block_options_detached":false,"_editorskit_block_options_position":"{}","footnotes":""},"class_list":["post-60","page","type-page","status-publish","hentry"],"acf":[],"yoast_head":"<!-- This site is optimized with the Yoast SEO plugin v27.4 - https:\/\/yoast.com\/product\/yoast-seo-wordpress\/ -->\n<title>Welkome - Deplasse &amp; Associ\u00e9s<\/title>\n<meta name=\"description\" content=\"Bureau d&#039;\u00e9tude et sp\u00e9cialiste du suivi \u00e9nerg\u00e9tique des b\u00e2timents. Nous vous accompagnons pendant toute sa dur\u00e9e de vie\" \/>\n<meta name=\"robots\" content=\"index, follow, max-snippet:-1, max-image-preview:large, max-video-preview:-1\" \/>\n<link rel=\"canonical\" href=\"https:\/\/www.deplasse.com\/nl\/language\/nl\/deplasse-associes-building-engineering-energy\/\" \/>\n<meta property=\"og:locale\" content=\"nl_BE\" \/>\n<meta property=\"og:type\" content=\"article\" \/>\n<meta property=\"og:title\" content=\"Welkome - Deplasse &amp; Associ\u00e9s\" \/>\n<meta property=\"og:description\" content=\"Bureau d&#039;\u00e9tude et sp\u00e9cialiste du suivi \u00e9nerg\u00e9tique des b\u00e2timents. Nous vous accompagnons pendant toute sa dur\u00e9e de vie\" \/>\n<meta property=\"og:url\" content=\"https:\/\/www.deplasse.com\/nl\/language\/nl\/deplasse-associes-building-engineering-energy\/\" \/>\n<meta property=\"og:site_name\" content=\"Deplasse &amp; Associ\u00e9s\" \/>\n<meta property=\"article:modified_time\" content=\"2022-11-16T16:50:44+00:00\" \/>\n<meta name=\"twitter:card\" content=\"summary_large_image\" \/>\n<meta name=\"twitter:label1\" content=\"Geschatte leestijd\" \/>\n\t<meta name=\"twitter:data1\" content=\"1 minuut\" \/>\n<script type=\"application\/ld+json\" class=\"yoast-schema-graph\">{\"@context\":\"https:\\\/\\\/schema.org\",\"@graph\":[{\"@type\":\"WebPage\",\"@id\":\"https:\\\/\\\/www.deplasse.com\\\/language\\\/nl\\\/deplasse-associes-building-engineering-energy\\\/\",\"url\":\"https:\\\/\\\/www.deplasse.com\\\/language\\\/nl\\\/deplasse-associes-building-engineering-energy\\\/\",\"name\":\"Welkome - Deplasse &amp; Associ\u00e9s\",\"isPartOf\":{\"@id\":\"https:\\\/\\\/www.deplasse.com\\\/#website\"},\"datePublished\":\"2019-12-06T12:42:12+00:00\",\"dateModified\":\"2022-11-16T16:50:44+00:00\",\"description\":\"Bureau d'\u00e9tude et sp\u00e9cialiste du suivi \u00e9nerg\u00e9tique des b\u00e2timents. Nous vous accompagnons pendant toute sa dur\u00e9e de vie\",\"breadcrumb\":{\"@id\":\"https:\\\/\\\/www.deplasse.com\\\/language\\\/nl\\\/deplasse-associes-building-engineering-energy\\\/#breadcrumb\"},\"inLanguage\":\"nl-BE\",\"potentialAction\":[{\"@type\":\"ReadAction\",\"target\":[\"https:\\\/\\\/www.deplasse.com\\\/language\\\/nl\\\/deplasse-associes-building-engineering-energy\\\/\"]}]},{\"@type\":\"BreadcrumbList\",\"@id\":\"https:\\\/\\\/www.deplasse.com\\\/language\\\/nl\\\/deplasse-associes-building-engineering-energy\\\/#breadcrumb\",\"itemListElement\":[{\"@type\":\"ListItem\",\"position\":1,\"name\":\"Home\",\"item\":\"https:\\\/\\\/www.deplasse.com\\\/\"},{\"@type\":\"ListItem\",\"position\":2,\"name\":\"Welkome\"}]},{\"@type\":\"WebSite\",\"@id\":\"https:\\\/\\\/www.deplasse.com\\\/#website\",\"url\":\"https:\\\/\\\/www.deplasse.com\\\/\",\"name\":\"Deplasse &amp; Associ\u00e9s\",\"description\":\"Bureau d&#039;experts\",\"publisher\":{\"@id\":\"https:\\\/\\\/www.deplasse.com\\\/#organization\"},\"potentialAction\":[{\"@type\":\"SearchAction\",\"target\":{\"@type\":\"EntryPoint\",\"urlTemplate\":\"https:\\\/\\\/www.deplasse.com\\\/?s={search_term_string}\"},\"query-input\":{\"@type\":\"PropertyValueSpecification\",\"valueRequired\":true,\"valueName\":\"search_term_string\"}}],\"inLanguage\":\"nl-BE\"},{\"@type\":\"Organization\",\"@id\":\"https:\\\/\\\/www.deplasse.com\\\/#organization\",\"name\":\"Deplasse & Associ\u00e9s\",\"url\":\"https:\\\/\\\/www.deplasse.com\\\/\",\"logo\":{\"@type\":\"ImageObject\",\"inLanguage\":\"nl-BE\",\"@id\":\"https:\\\/\\\/www.deplasse.com\\\/#\\\/schema\\\/logo\\\/image\\\/\",\"url\":\"https:\\\/\\\/www.deplasse.com\\\/wp-content\\\/uploads\\\/2020\\\/03\\\/logo_be.jpg\",\"contentUrl\":\"https:\\\/\\\/www.deplasse.com\\\/wp-content\\\/uploads\\\/2020\\\/03\\\/logo_be.jpg\",\"width\":274,\"height\":167,\"caption\":\"Deplasse & Associ\u00e9s\"},\"image\":{\"@id\":\"https:\\\/\\\/www.deplasse.com\\\/#\\\/schema\\\/logo\\\/image\\\/\"}}]}<\/script>\n<!-- \/ Yoast SEO plugin. -->","yoast_head_json":{"title":"Welkome - Deplasse &amp; Associ\u00e9s","description":"Bureau d'\u00e9tude et sp\u00e9cialiste du suivi \u00e9nerg\u00e9tique des b\u00e2timents. Nous vous accompagnons pendant toute sa dur\u00e9e de vie","robots":{"index":"index","follow":"follow","max-snippet":"max-snippet:-1","max-image-preview":"max-image-preview:large","max-video-preview":"max-video-preview:-1"},"canonical":"https:\/\/www.deplasse.com\/nl\/language\/nl\/deplasse-associes-building-engineering-energy\/","og_locale":"nl_BE","og_type":"article","og_title":"Welkome - Deplasse &amp; Associ\u00e9s","og_description":"Bureau d'\u00e9tude et sp\u00e9cialiste du suivi \u00e9nerg\u00e9tique des b\u00e2timents. Nous vous accompagnons pendant toute sa dur\u00e9e de vie","og_url":"https:\/\/www.deplasse.com\/nl\/language\/nl\/deplasse-associes-building-engineering-energy\/","og_site_name":"Deplasse &amp; Associ\u00e9s","article_modified_time":"2022-11-16T16:50:44+00:00","twitter_card":"summary_large_image","twitter_misc":{"Geschatte leestijd":"1 minuut"},"schema":{"@context":"https:\/\/schema.org","@graph":[{"@type":"WebPage","@id":"https:\/\/www.deplasse.com\/language\/nl\/deplasse-associes-building-engineering-energy\/","url":"https:\/\/www.deplasse.com\/language\/nl\/deplasse-associes-building-engineering-energy\/","name":"Welkome - Deplasse &amp; Associ\u00e9s","isPartOf":{"@id":"https:\/\/www.deplasse.com\/#website"},"datePublished":"2019-12-06T12:42:12+00:00","dateModified":"2022-11-16T16:50:44+00:00","description":"Bureau d'\u00e9tude et sp\u00e9cialiste du suivi \u00e9nerg\u00e9tique des b\u00e2timents. Nous vous accompagnons pendant toute sa dur\u00e9e de vie","breadcrumb":{"@id":"https:\/\/www.deplasse.com\/language\/nl\/deplasse-associes-building-engineering-energy\/#breadcrumb"},"inLanguage":"nl-BE","potentialAction":[{"@type":"ReadAction","target":["https:\/\/www.deplasse.com\/language\/nl\/deplasse-associes-building-engineering-energy\/"]}]},{"@type":"BreadcrumbList","@id":"https:\/\/www.deplasse.com\/language\/nl\/deplasse-associes-building-engineering-energy\/#breadcrumb","itemListElement":[{"@type":"ListItem","position":1,"name":"Home","item":"https:\/\/www.deplasse.com\/"},{"@type":"ListItem","position":2,"name":"Welkome"}]},{"@type":"WebSite","@id":"https:\/\/www.deplasse.com\/#website","url":"https:\/\/www.deplasse.com\/","name":"Deplasse &amp; Associates","description":"Bureau van deskundigen","publisher":{"@id":"https:\/\/www.deplasse.com\/#organization"},"potentialAction":[{"@type":"SearchAction","target":{"@type":"EntryPoint","urlTemplate":"https:\/\/www.deplasse.com\/?s={search_term_string}"},"query-input":{"@type":"PropertyValueSpecification","valueRequired":true,"valueName":"search_term_string"}}],"inLanguage":"nl-BE"},{"@type":"Organization","@id":"https:\/\/www.deplasse.com\/#organization","name":"Deplasse &amp; Associates","url":"https:\/\/www.deplasse.com\/","logo":{"@type":"ImageObject","inLanguage":"nl-BE","@id":"https:\/\/www.deplasse.com\/#\/schema\/logo\/image\/","url":"https:\/\/www.deplasse.com\/wp-content\/uploads\/2020\/03\/logo_be.jpg","contentUrl":"https:\/\/www.deplasse.com\/wp-content\/uploads\/2020\/03\/logo_be.jpg","width":274,"height":167,"caption":"Deplasse & Associ\u00e9s"},"image":{"@id":"https:\/\/www.deplasse.com\/#\/schema\/logo\/image\/"}}]}},"wps_subtitle":"","_links":{"self":[{"href":"https:\/\/www.deplasse.com\/nl\/wp-json\/wp\/v2\/pages\/60","targetHints":{"allow":["GET"]}}],"collection":[{"href":"https:\/\/www.deplasse.com\/nl\/wp-json\/wp\/v2\/pages"}],"about":[{"href":"https:\/\/www.deplasse.com\/nl\/wp-json\/wp\/v2\/types\/page"}],"author":[{"embeddable":true,"href":"https:\/\/www.deplasse.com\/nl\/wp-json\/wp\/v2\/users\/1"}],"replies":[{"embeddable":true,"href":"https:\/\/www.deplasse.com\/nl\/wp-json\/wp\/v2\/comments?post=60"}],"version-history":[{"count":2,"href":"https:\/\/www.deplasse.com\/nl\/wp-json\/wp\/v2\/pages\/60\/revisions"}],"predecessor-version":[{"id":1388,"href":"https:\/\/www.deplasse.com\/nl\/wp-json\/wp\/v2\/pages\/60\/revisions\/1388"}],"wp:attachment":[{"href":"https:\/\/www.deplasse.com\/nl\/wp-json\/wp\/v2\/media?parent=60"}],"curies":[{"name":"wp","href":"https:\/\/api.w.org\/{rel}","templated":true}]}}