{"id":86,"date":"2019-12-09T13:34:29","date_gmt":"2019-12-09T12:34:29","guid":{"rendered":"http:\/\/deplasse.local\/?page_id=86"},"modified":"2026-02-18T09:01:38","modified_gmt":"2026-02-18T08:01:38","slug":"equipe","status":"publish","type":"page","link":"https:\/\/www.deplasse.com\/nl\/equipe\/","title":{"rendered":"Team"},"content":{"rendered":"<p>Deplasse &amp; Associ\u00e9s is rijk aan <strong>een zestigtal<\/strong> medewerkers, tot uw dienst om op de vele&nbsp;<strong>energietransitie uitdagingen <\/strong>van gebouwen, bedrijven en overheden te reageren. We hebben onze activiteit gestructureerd in verschillende afdelingen om onze klanten een <strong>one-stop-shopping<\/strong> aan te bieden om hen gedurende de hele levensduur van hun gebouwen en projecten te ondersteunen. De zoektocht naar<strong>Excellentie<\/strong> in elk van onze bedrijven in combinatie met een <strong>bewezen ervaring \u201cin het veld\u201d<\/strong> zijn de elementen die ons samenbrengen en die onze toegevoegde waarde maken voor onze klanten.<\/p>\n\n\n<div class=\"wp-block-image\">\n<figure class=\"aligncenter size-large is-resized\"><img loading=\"lazy\" decoding=\"async\" src=\"https:\/\/www.deplasse.com\/wp-content\/uploads\/2022\/06\/Team_220609_111-1024x552.jpeg\" alt=\"\" class=\"wp-image-1279\" width=\"799\" height=\"431\" srcset=\"https:\/\/www.deplasse.com\/wp-content\/uploads\/2022\/06\/Team_220609_111-1024x552.jpeg 1024w, https:\/\/www.deplasse.com\/wp-content\/uploads\/2022\/06\/Team_220609_111-300x162.jpeg 300w, https:\/\/www.deplasse.com\/wp-content\/uploads\/2022\/06\/Team_220609_111-768x414.jpeg 768w, https:\/\/www.deplasse.com\/wp-content\/uploads\/2022\/06\/Team_220609_111-1536x828.jpeg 1536w, https:\/\/www.deplasse.com\/wp-content\/uploads\/2022\/06\/Team_220609_111-2048x1103.jpeg 2048w\" sizes=\"auto, (max-width: 799px) 100vw, 799px\" \/><\/figure>\n<\/div>\n\n\n<p><\/p>\n\n\n<div class=\"wp-block-image\">\n<figure class=\"aligncenter size-large is-resized\"><img loading=\"lazy\" decoding=\"async\" src=\"https:\/\/www.deplasse.com\/wp-content\/uploads\/2023\/02\/MicrosoftTeams-image-15-1024x461.jpg\" alt=\"\" class=\"wp-image-1405\" width=\"799\" height=\"360\" srcset=\"https:\/\/www.deplasse.com\/wp-content\/uploads\/2023\/02\/MicrosoftTeams-image-15-1024x461.jpg 1024w, https:\/\/www.deplasse.com\/wp-content\/uploads\/2023\/02\/MicrosoftTeams-image-15-300x135.jpg 300w, https:\/\/www.deplasse.com\/wp-content\/uploads\/2023\/02\/MicrosoftTeams-image-15-768x346.jpg 768w, https:\/\/www.deplasse.com\/wp-content\/uploads\/2023\/02\/MicrosoftTeams-image-15-1536x691.jpg 1536w, https:\/\/www.deplasse.com\/wp-content\/uploads\/2023\/02\/MicrosoftTeams-image-15-18x8.jpg 18w, https:\/\/www.deplasse.com\/wp-content\/uploads\/2023\/02\/MicrosoftTeams-image-15.jpg 2000w\" sizes=\"auto, (max-width: 799px) 100vw, 799px\" \/><\/figure>\n<\/div>\n\n\n<p><\/p>\n\n\n<div class=\"wp-block-image\">\n<figure class=\"aligncenter size-full is-resized\"><img loading=\"lazy\" decoding=\"async\" src=\"https:\/\/www.deplasse.com\/wp-content\/uploads\/2023\/09\/Sandrace.jpg\" alt=\"\" class=\"wp-image-1434\" width=\"801\" height=\"488\" srcset=\"https:\/\/www.deplasse.com\/wp-content\/uploads\/2023\/09\/Sandrace.jpg 779w, https:\/\/www.deplasse.com\/wp-content\/uploads\/2023\/09\/Sandrace-300x183.jpg 300w, https:\/\/www.deplasse.com\/wp-content\/uploads\/2023\/09\/Sandrace-768x468.jpg 768w, https:\/\/www.deplasse.com\/wp-content\/uploads\/2023\/09\/Sandrace-18x12.jpg 18w\" sizes=\"auto, (max-width: 801px) 100vw, 801px\" \/><\/figure>\n<\/div>","protected":false},"excerpt":{"rendered":"<p>Deplasse &amp; Associ\u00e9s heeft een zestigtal medewerkers die voor u klaar staan om een antwoord te bieden op de vele uitdagingen van de energietransitie van gebouwen, bedrijven en overheden. We hebben onze activiteiten in verschillende afdelingen gestructureerd, met de bedoeling onze klanten een \u201cone stop shopping\u201d aan te bieden en hen gedurende het gehele [\u2026]<\/p>","protected":false},"author":1,"featured_media":0,"parent":0,"menu_order":0,"comment_status":"closed","ping_status":"closed","template":"","meta":{"_acf_changed":false,"_editorskit_title_hidden":false,"_editorskit_reading_time":1,"_editorskit_is_block_options_detached":false,"_editorskit_block_options_position":"{}","footnotes":""},"class_list":["post-86","page","type-page","status-publish","hentry"],"acf":[],"yoast_head":"<!-- This site is optimized with the Yoast SEO plugin v27.4 - https:\/\/yoast.com\/product\/yoast-seo-wordpress\/ -->\n<title>\u00c9quipe - Deplasse &amp; Associ\u00e9s<\/title>\n<meta name=\"robots\" content=\"index, follow, max-snippet:-1, max-image-preview:large, max-video-preview:-1\" \/>\n<link rel=\"canonical\" href=\"https:\/\/www.deplasse.com\/nl\/equipe\/\" \/>\n<meta property=\"og:locale\" content=\"nl_BE\" \/>\n<meta property=\"og:type\" content=\"article\" \/>\n<meta property=\"og:title\" content=\"\u00c9quipe - Deplasse &amp; Associ\u00e9s\" \/>\n<meta property=\"og:description\" content=\"Deplasse &amp; Associ\u00e9s est riche d&rsquo;une soixantaine de collaborateurs et collaboratrices, \u00e0 votre service pour r\u00e9pondre aux nombreux&nbsp;d\u00e9fis de la transition \u00e9nerg\u00e9tique des b\u00e2timents, des entreprises et des pouvoirs publics. Nous avons structur\u00e9 notre activit\u00e9 en diff\u00e9rents d\u00e9partements, en vue d&rsquo;offrir \u00e0 nos clients un \u00ab\u00a0one stop shopping\u00a0\u00bb afin de les accompagner pendant toute la [&hellip;]\" \/>\n<meta property=\"og:url\" content=\"https:\/\/www.deplasse.com\/nl\/equipe\/\" \/>\n<meta property=\"og:site_name\" content=\"Deplasse &amp; Associ\u00e9s\" \/>\n<meta property=\"article:modified_time\" content=\"2026-02-18T08:01:38+00:00\" \/>\n<meta property=\"og:image\" content=\"https:\/\/www.deplasse.com\/wp-content\/uploads\/2022\/06\/Team_220609_111-scaled.jpeg\" \/>\n\t<meta property=\"og:image:width\" content=\"2560\" \/>\n\t<meta property=\"og:image:height\" content=\"1379\" \/>\n\t<meta property=\"og:image:type\" content=\"image\/jpeg\" \/>\n<meta name=\"twitter:card\" content=\"summary_large_image\" \/>\n<meta name=\"twitter:label1\" content=\"Geschatte leestijd\" \/>\n\t<meta name=\"twitter:data1\" content=\"1 minuut\" \/>\n<script type=\"application\/ld+json\" class=\"yoast-schema-graph\">{\"@context\":\"https:\\\/\\\/schema.org\",\"@graph\":[{\"@type\":\"WebPage\",\"@id\":\"https:\\\/\\\/www.deplasse.com\\\/equipe\\\/\",\"url\":\"https:\\\/\\\/www.deplasse.com\\\/equipe\\\/\",\"name\":\"\u00c9quipe - Deplasse &amp; Associ\u00e9s\",\"isPartOf\":{\"@id\":\"https:\\\/\\\/www.deplasse.com\\\/#website\"},\"primaryImageOfPage\":{\"@id\":\"https:\\\/\\\/www.deplasse.com\\\/equipe\\\/#primaryimage\"},\"image\":{\"@id\":\"https:\\\/\\\/www.deplasse.com\\\/equipe\\\/#primaryimage\"},\"thumbnailUrl\":\"https:\\\/\\\/www.deplasse.com\\\/wp-content\\\/uploads\\\/2022\\\/06\\\/Team_220609_111-1024x552.jpeg\",\"datePublished\":\"2019-12-09T12:34:29+00:00\",\"dateModified\":\"2026-02-18T08:01:38+00:00\",\"breadcrumb\":{\"@id\":\"https:\\\/\\\/www.deplasse.com\\\/equipe\\\/#breadcrumb\"},\"inLanguage\":\"nl-BE\",\"potentialAction\":[{\"@type\":\"ReadAction\",\"target\":[\"https:\\\/\\\/www.deplasse.com\\\/equipe\\\/\"]}]},{\"@type\":\"ImageObject\",\"inLanguage\":\"nl-BE\",\"@id\":\"https:\\\/\\\/www.deplasse.com\\\/equipe\\\/#primaryimage\",\"url\":\"https:\\\/\\\/www.deplasse.com\\\/wp-content\\\/uploads\\\/2022\\\/06\\\/Team_220609_111-1024x552.jpeg\",\"contentUrl\":\"https:\\\/\\\/www.deplasse.com\\\/wp-content\\\/uploads\\\/2022\\\/06\\\/Team_220609_111-1024x552.jpeg\"},{\"@type\":\"BreadcrumbList\",\"@id\":\"https:\\\/\\\/www.deplasse.com\\\/equipe\\\/#breadcrumb\",\"itemListElement\":[{\"@type\":\"ListItem\",\"position\":1,\"name\":\"Home\",\"item\":\"https:\\\/\\\/www.deplasse.com\\\/\"},{\"@type\":\"ListItem\",\"position\":2,\"name\":\"\u00c9quipe\"}]},{\"@type\":\"WebSite\",\"@id\":\"https:\\\/\\\/www.deplasse.com\\\/#website\",\"url\":\"https:\\\/\\\/www.deplasse.com\\\/\",\"name\":\"Deplasse &amp; Associ\u00e9s\",\"description\":\"Bureau d&#039;experts\",\"publisher\":{\"@id\":\"https:\\\/\\\/www.deplasse.com\\\/#organization\"},\"potentialAction\":[{\"@type\":\"SearchAction\",\"target\":{\"@type\":\"EntryPoint\",\"urlTemplate\":\"https:\\\/\\\/www.deplasse.com\\\/?s={search_term_string}\"},\"query-input\":{\"@type\":\"PropertyValueSpecification\",\"valueRequired\":true,\"valueName\":\"search_term_string\"}}],\"inLanguage\":\"nl-BE\"},{\"@type\":\"Organization\",\"@id\":\"https:\\\/\\\/www.deplasse.com\\\/#organization\",\"name\":\"Deplasse & Associ\u00e9s\",\"url\":\"https:\\\/\\\/www.deplasse.com\\\/\",\"logo\":{\"@type\":\"ImageObject\",\"inLanguage\":\"nl-BE\",\"@id\":\"https:\\\/\\\/www.deplasse.com\\\/#\\\/schema\\\/logo\\\/image\\\/\",\"url\":\"https:\\\/\\\/www.deplasse.com\\\/wp-content\\\/uploads\\\/2020\\\/03\\\/logo_be.jpg\",\"contentUrl\":\"https:\\\/\\\/www.deplasse.com\\\/wp-content\\\/uploads\\\/2020\\\/03\\\/logo_be.jpg\",\"width\":274,\"height\":167,\"caption\":\"Deplasse & Associ\u00e9s\"},\"image\":{\"@id\":\"https:\\\/\\\/www.deplasse.com\\\/#\\\/schema\\\/logo\\\/image\\\/\"}}]}<\/script>\n<!-- \/ Yoast SEO plugin. -->","yoast_head_json":{"title":"\u00c9quipe - Deplasse &amp; Associ\u00e9s","robots":{"index":"index","follow":"follow","max-snippet":"max-snippet:-1","max-image-preview":"max-image-preview:large","max-video-preview":"max-video-preview:-1"},"canonical":"https:\/\/www.deplasse.com\/nl\/equipe\/","og_locale":"nl_BE","og_type":"article","og_title":"\u00c9quipe - Deplasse &amp; Associ\u00e9s","og_description":"Deplasse &amp; Associ\u00e9s est riche d&rsquo;une soixantaine de collaborateurs et collaboratrices, \u00e0 votre service pour r\u00e9pondre aux nombreux&nbsp;d\u00e9fis de la transition \u00e9nerg\u00e9tique des b\u00e2timents, des entreprises et des pouvoirs publics. Nous avons structur\u00e9 notre activit\u00e9 en diff\u00e9rents d\u00e9partements, en vue d&rsquo;offrir \u00e0 nos clients un \u00ab\u00a0one stop shopping\u00a0\u00bb afin de les accompagner pendant toute la [&hellip;]","og_url":"https:\/\/www.deplasse.com\/nl\/equipe\/","og_site_name":"Deplasse &amp; Associ\u00e9s","article_modified_time":"2026-02-18T08:01:38+00:00","og_image":[{"width":2560,"height":1379,"url":"https:\/\/www.deplasse.com\/wp-content\/uploads\/2022\/06\/Team_220609_111-scaled.jpeg","type":"image\/jpeg"}],"twitter_card":"summary_large_image","twitter_misc":{"Geschatte leestijd":"1 minuut"},"schema":{"@context":"https:\/\/schema.org","@graph":[{"@type":"WebPage","@id":"https:\/\/www.deplasse.com\/equipe\/","url":"https:\/\/www.deplasse.com\/equipe\/","name":"\u00c9quipe - Deplasse &amp; Associ\u00e9s","isPartOf":{"@id":"https:\/\/www.deplasse.com\/#website"},"primaryImageOfPage":{"@id":"https:\/\/www.deplasse.com\/equipe\/#primaryimage"},"image":{"@id":"https:\/\/www.deplasse.com\/equipe\/#primaryimage"},"thumbnailUrl":"https:\/\/www.deplasse.com\/wp-content\/uploads\/2022\/06\/Team_220609_111-1024x552.jpeg","datePublished":"2019-12-09T12:34:29+00:00","dateModified":"2026-02-18T08:01:38+00:00","breadcrumb":{"@id":"https:\/\/www.deplasse.com\/equipe\/#breadcrumb"},"inLanguage":"nl-BE","potentialAction":[{"@type":"ReadAction","target":["https:\/\/www.deplasse.com\/equipe\/"]}]},{"@type":"ImageObject","inLanguage":"nl-BE","@id":"https:\/\/www.deplasse.com\/equipe\/#primaryimage","url":"https:\/\/www.deplasse.com\/wp-content\/uploads\/2022\/06\/Team_220609_111-1024x552.jpeg","contentUrl":"https:\/\/www.deplasse.com\/wp-content\/uploads\/2022\/06\/Team_220609_111-1024x552.jpeg"},{"@type":"BreadcrumbList","@id":"https:\/\/www.deplasse.com\/equipe\/#breadcrumb","itemListElement":[{"@type":"ListItem","position":1,"name":"Home","item":"https:\/\/www.deplasse.com\/"},{"@type":"ListItem","position":2,"name":"\u00c9quipe"}]},{"@type":"WebSite","@id":"https:\/\/www.deplasse.com\/#website","url":"https:\/\/www.deplasse.com\/","name":"Deplasse &amp; Associates","description":"Bureau van deskundigen","publisher":{"@id":"https:\/\/www.deplasse.com\/#organization"},"potentialAction":[{"@type":"SearchAction","target":{"@type":"EntryPoint","urlTemplate":"https:\/\/www.deplasse.com\/?s={search_term_string}"},"query-input":{"@type":"PropertyValueSpecification","valueRequired":true,"valueName":"search_term_string"}}],"inLanguage":"nl-BE"},{"@type":"Organization","@id":"https:\/\/www.deplasse.com\/#organization","name":"Deplasse &amp; Associates","url":"https:\/\/www.deplasse.com\/","logo":{"@type":"ImageObject","inLanguage":"nl-BE","@id":"https:\/\/www.deplasse.com\/#\/schema\/logo\/image\/","url":"https:\/\/www.deplasse.com\/wp-content\/uploads\/2020\/03\/logo_be.jpg","contentUrl":"https:\/\/www.deplasse.com\/wp-content\/uploads\/2020\/03\/logo_be.jpg","width":274,"height":167,"caption":"Deplasse & Associ\u00e9s"},"image":{"@id":"https:\/\/www.deplasse.com\/#\/schema\/logo\/image\/"}}]}},"wps_subtitle":"","_links":{"self":[{"href":"https:\/\/www.deplasse.com\/nl\/wp-json\/wp\/v2\/pages\/86","targetHints":{"allow":["GET"]}}],"collection":[{"href":"https:\/\/www.deplasse.com\/nl\/wp-json\/wp\/v2\/pages"}],"about":[{"href":"https:\/\/www.deplasse.com\/nl\/wp-json\/wp\/v2\/types\/page"}],"author":[{"embeddable":true,"href":"https:\/\/www.deplasse.com\/nl\/wp-json\/wp\/v2\/users\/1"}],"replies":[{"embeddable":true,"href":"https:\/\/www.deplasse.com\/nl\/wp-json\/wp\/v2\/comments?post=86"}],"version-history":[{"count":36,"href":"https:\/\/www.deplasse.com\/nl\/wp-json\/wp\/v2\/pages\/86\/revisions"}],"predecessor-version":[{"id":1438,"href":"https:\/\/www.deplasse.com\/nl\/wp-json\/wp\/v2\/pages\/86\/revisions\/1438"}],"wp:attachment":[{"href":"https:\/\/www.deplasse.com\/nl\/wp-json\/wp\/v2\/media?parent=86"}],"curies":[{"name":"wp","href":"https:\/\/api.w.org\/{rel}","templated":true}]}}